{"id":14969,"date":"2022-03-19T09:56:25","date_gmt":"2022-03-19T09:56:25","guid":{"rendered":"https:\/\/doylelawfirm.com\/lesiones-personales-en-alta-mar\/"},"modified":"2022-05-11T08:12:18","modified_gmt":"2022-05-11T08:12:18","slug":"lesiones-personales-en-alta-mar","status":"publish","type":"page","link":"https:\/\/doylelawfirm.com\/es\/lesiones-personales-en-alta-mar\/","title":{"rendered":"Lesiones personales en alta mar"},"content":{"rendered":"<p>[vc_row][vc_column width=&#8221;1\/4&#8243;][vc_wp_custommenu nav_menu=&#8221;94&#8243;][\/vc_column][vc_column width=&#8221;3\/4&#8243;][vc_column_text]<\/p>\n<h2 style=\"text-align: center;\"><strong>ABOGADOS DE DERECHO MAR\u00cdTIMO Y LESIONES EN EL MAR<\/strong><\/h2>\n<p>[\/vc_column_text][vc_column_text]Sufrir una lesi\u00f3n personal en alta mar puede ser un proceso lento, doloroso y muy costoso. A menudo es dif\u00edcil determinar qui\u00e9n tiene la culpa y obtener una compensaci\u00f3n por su lesi\u00f3n. En los abogados litigantes de Doyle Dennis  Avery LLP, manejamos regularmente casos que involucran una variedad de lesiones mar\u00edtimas y en alta mar. Si el accidente que provoc\u00f3 su lesi\u00f3n ocurri\u00f3 en el mar, puede ser una situaci\u00f3n complicada debido a las diferentes normas del derecho mar\u00edtimo.[\/vc_column_text][vc_column_text]<\/p>\n<h3><strong>Derecho Mar\u00edtimo<\/strong><\/h3>\n<p>[\/vc_column_text][vc_column_text]El derecho del almirantazgo y las lesiones mar\u00edtimas es un \u00e1rea compleja regida por una variedad de estatutos federales y el derecho mar\u00edtimo general. Los derechos de los trabajadores costa afuera lesionados para recuperar una compensaci\u00f3n monetaria bajo la Ley Jones y otras leyes mar\u00edtimas pueden ser muy diferentes a los de cualquier otro tipo de caso de lesiones. Adem\u00e1s de cientos de casos relacionados con plataformas de perforaci\u00f3n, barcazas, remolcadores, dragas, otras embarcaciones, plataformas petroleras y helic\u00f3pteros de transporte en las v\u00edas fluviales de los EE. UU., los abogados de Doyle Dennis  Avery LLP Trial Lawyers han manejado numerosos casos de derecho mar\u00edtimo que se originaron en aguas internacionales y extranjeras. Si necesita un abogado para evaluar su reclamo por lesiones mar\u00edtimas, comun\u00edquese hoy con nuestra firma con sede en Texas.[\/vc_column_text][vc_column_text]<\/p>\n<h3><strong>Tipos de reclamos y lesiones<\/strong><\/h3>\n<p>[\/vc_column_text][vc_column_text]Nos enfocamos en lesiones y accidentes mar\u00edtimos graves, a lo largo de la Costa del Golfo y en todo Estados Unidos y en aguas internacionales. Puede confiar en nuestra capacidad para manejar:[\/vc_column_text][vc_column_text]<\/p>\n<ul>\n<li>Reclamaciones de la Ley Jones, as\u00ed como litigios por lesiones personales de terceros, para trabajadores mar\u00edtimos lesionados trabajando en v\u00edas fluviales o muelles de EE. UU.<\/li>\n<li>Las lesiones mar\u00edtimas en tierra se abordan mejor a trav\u00e9s de reclamaciones 33 USCA \u00a7905(b) contra una embarcaci\u00f3n como un tercero o una parte que no sea el empleador.<\/li>\n<li><a href=\"\/doylelawfirm\/international-work-injuries\/\" target=\"_blank\" rel=\"noopener\">Lesiones mar\u00edtimas internacionales.<\/a><\/li>\n<li>Accidentes mar\u00edtimos fatales que dejan a los miembros de la familia sin apoyo econ\u00f3mico ni compa\u00f1\u00eda.<\/li>\n<\/ul>\n<p>[\/vc_column_text][vc_column_text]<\/p>\n<h3><strong>Casos Exitosos<\/strong><\/h3>\n<p>[\/vc_column_text][vc_column_text]Los casos mar\u00edtimos recientes que hemos resuelto con \u00e9xito incluyen veredictos sustanciales y adjudicaciones de acuerdos para:[\/vc_column_text][vc_column_text]<\/p>\n<ul>\n<li>Un supervisor mec\u00e1nico que realiza reparaciones en un buque de perforaci\u00f3n semisumergible en alta mar, llamado Ocean Lexington, mientras trabajaba para Diamond Offshore Services.<\/li>\n<li>Un capit\u00e1n de barco gravemente herido en un mot\u00edn frente a las costas de Angola.<\/li>\n<li>La v\u00edctima de un accidente a bordo del buque de dragado Pontchartrain, por el cual Great Lakes Dredge &amp; Dock Company fue declarada 100 por ciento responsable.<\/li>\n<li>Lesiones sufridas por un capit\u00e1n al ser trasladado en una canasta de personal entre embarcaciones en el Golfo de M\u00e9xico.<\/li>\n<li>Un hombre de Mississippi que sufri\u00f3 quemaduras qu\u00edmicas y lesiones en la columna en un accidente de helic\u00f3ptero en alta mar que involucr\u00f3 negligencia en los esfuerzos de rescate por parte del acusado Houston Helicopters, Inc.<\/li>\n<li>Un mec\u00e1nico de un buque de prospecci\u00f3n s\u00edsmica operado por WesternGeco Resources, Inc., que sufri\u00f3 lesiones permanentes en la columna cuando su cabeza golpe\u00f3 una viga mal colocada, lo que result\u00f3 en un reclamo de la Ley Jones y la confirmaci\u00f3n del veredicto en un tribunal de primera instancia.<\/li>\n<\/ul>\n<p>[\/vc_column_text][vc_column_text]Para obtener m\u00e1s informaci\u00f3n sobre nuestra firma o para programar una consulta gratuita sobre lesiones personales, <a href=\"\/doylelawfirm\/contact\/\">cont\u00e1ctenos hoy<\/a> .[\/vc_column_text][\/vc_column][\/vc_row]<\/p>\n","protected":false},"excerpt":{"rendered":"<p>[vc_row][vc_column width=&#8221;1\/4&#8243;][vc_wp_custommenu nav_menu=&#8221;94&#8243;][\/vc_column][vc_column width=&#8221;3\/4&#8243;][vc_column_text] ABOGADOS DE DERECHO MAR\u00cdTIMO Y LESIONES EN EL MAR [\/vc_column_text][vc_column_text]Sufrir una lesi\u00f3n personal en alta mar puede ser un proceso lento, doloroso y muy costoso. A menudo es dif\u00edcil determinar qui\u00e9n tiene la culpa y obtener una compensaci\u00f3n por su lesi\u00f3n. En los abogados litigantes de Doyle Dennis Avery LLP, manejamos [&hellip;]<\/p>\n","protected":false},"author":1,"featured_media":0,"parent":0,"menu_order":0,"comment_status":"closed","ping_status":"closed","template":"","meta":{"footnotes":""},"class_list":["post-14969","page","type-page","status-publish","hentry"],"_links":{"self":[{"href":"https:\/\/doylelawfirm.com\/es\/wp-json\/wp\/v2\/pages\/14969","targetHints":{"allow":["GET"]}}],"collection":[{"href":"https:\/\/doylelawfirm.com\/es\/wp-json\/wp\/v2\/pages"}],"about":[{"href":"https:\/\/doylelawfirm.com\/es\/wp-json\/wp\/v2\/types\/page"}],"author":[{"embeddable":true,"href":"https:\/\/doylelawfirm.com\/es\/wp-json\/wp\/v2\/users\/1"}],"replies":[{"embeddable":true,"href":"https:\/\/doylelawfirm.com\/es\/wp-json\/wp\/v2\/comments?post=14969"}],"version-history":[{"count":0,"href":"https:\/\/doylelawfirm.com\/es\/wp-json\/wp\/v2\/pages\/14969\/revisions"}],"wp:attachment":[{"href":"https:\/\/doylelawfirm.com\/es\/wp-json\/wp\/v2\/media?parent=14969"}],"curies":[{"name":"wp","href":"https:\/\/api.w.org\/{rel}","templated":true}]}}