{"id":14957,"date":"2022-03-21T05:58:38","date_gmt":"2022-03-21T05:58:38","guid":{"rendered":"https:\/\/doylelawfirm.com\/lesionado-mientras-viajaba-en-los-ee-uu\/"},"modified":"2022-05-11T08:11:20","modified_gmt":"2022-05-11T08:11:20","slug":"lesionado-mientras-viajaba-en-los-ee-uu","status":"publish","type":"page","link":"https:\/\/doylelawfirm.com\/es\/lesionado-mientras-viajaba-en-los-ee-uu\/","title":{"rendered":"Lesionado mientras viajaba en los EE. UU."},"content":{"rendered":"<p>[vc_row][vc_column width=&#8221;1\/4&#8243;][vc_wp_custommenu nav_menu=&#8221;99&#8243;][\/vc_column][vc_column width=&#8221;3\/4&#8243;][vc_column_text]<\/p>\n<h3><strong>Lesiones de ciudadanos extranjeros en los Estados Unidos.<\/strong><\/h3>\n<p>[\/vc_column_text][vc_column_text]Millones de viajeros de todo el mundo visitan los Estados Unidos cada a\u00f1o. Desafortunadamente, algunos de nuestros visitantes sufren lesiones relacionadas con las vacaciones, como ca\u00eddas graves en su resort, un choque en su RV o un accidente en el parque acu\u00e1tico. Despu\u00e9s de lesiones como estas, pocos saben a d\u00f3nde acudir en busca de ayuda. Los abogados de lesiones personales de Doyle Dennis Avery LLP   Trial Lawyers tienen a\u00f1os de experiencia en derecho internacional de accidentes y saben c\u00f3mo buscar una compensaci\u00f3n justa para usted y su familia.[\/vc_column_text][vc_column_text]Hemos litigado con \u00e9xito casos para viajeros del Reino Unido y Europa, y los abogados experimentados en accidentes de Doyle Dennis Avery LLP   Trial Lawyers conocen las leyes internacionales que se aplican a este tipo de demandas. Tenemos relaciones con abogados en todo el Reino Unido y trabajamos en estrecha colaboraci\u00f3n con nuestros colegas brit\u00e1nicos para atender a nuestros clientes mutuos. Colaboramos para conseguirte el apoyo econ\u00f3mico que necesitas para volver a tu vida normal.[\/vc_column_text][vc_column_text]<\/p>\n<h3><strong>Qu\u00e9 est\u00e1 cubierto<\/strong><\/h3>\n<p>[\/vc_column_text][vc_column_text]Puede recibir fondos para ayudarlo a pagar sus facturas m\u00e9dicas, recuperar salarios perdidos y pagarle por cualquier dolor y trauma que haya sufrido. Nos encargaremos de todo el trabajo pesado para que pueda concentrarse en recuperarse. Los tr\u00e1mites burocr\u00e1ticos y las pilas de papeleo son dif\u00edciles en los casos nacionales, pero si vive fuera del pa\u00eds es a\u00fan m\u00e1s dif\u00edcil. Nuestro equipo de abogados es confiable y est\u00e1 dedicado a su recuperaci\u00f3n.[\/vc_column_text][vc_column_text]En Doyle Dennis Avery LLP   Trial Lawyers, nos destacamos en casos internacionales complejos. Entendemos que cada caso es \u00fanico y trabajamos duro para nuestros clientes. Hay muchos abogados en todo el pa\u00eds que tienen experiencia en casos de lesiones personales para quienes viven en los Estados Unidos, pero pocos pueden igualar nuestro conocimiento de la ley internacional de lesiones.[\/vc_column_text][vc_column_text]<\/p>\n<h3><strong>Empezar hoy<\/strong><\/h3>\n<p>[\/vc_column_text][vc_column_text]<a href=\"\/doylelawfirm\/contact\/\">P\u00f3ngase en contacto con los abogados litigantes de Doyle Dennis Avery LLP  <\/a> para obtener informaci\u00f3n adicional sobre nuestros servicios. Comparta los detalles y discuta sus opciones con nuestro bufete de abogados de inmediato.[\/vc_column_text][\/vc_column][\/vc_row]<\/p>\n","protected":false},"excerpt":{"rendered":"<p>[vc_row][vc_column width=&#8221;1\/4&#8243;][vc_wp_custommenu nav_menu=&#8221;99&#8243;][\/vc_column][vc_column width=&#8221;3\/4&#8243;][vc_column_text] Lesiones de ciudadanos extranjeros en los Estados Unidos. [\/vc_column_text][vc_column_text]Millones de viajeros de todo el mundo visitan los Estados Unidos cada a\u00f1o. Desafortunadamente, algunos de nuestros visitantes sufren lesiones relacionadas con las vacaciones, como ca\u00eddas graves en su resort, un choque en su RV o un accidente en el parque acu\u00e1tico. Despu\u00e9s [&hellip;]<\/p>\n","protected":false},"author":1,"featured_media":0,"parent":0,"menu_order":0,"comment_status":"closed","ping_status":"closed","template":"","meta":{"footnotes":""},"class_list":["post-14957","page","type-page","status-publish","hentry"],"_links":{"self":[{"href":"https:\/\/doylelawfirm.com\/es\/wp-json\/wp\/v2\/pages\/14957","targetHints":{"allow":["GET"]}}],"collection":[{"href":"https:\/\/doylelawfirm.com\/es\/wp-json\/wp\/v2\/pages"}],"about":[{"href":"https:\/\/doylelawfirm.com\/es\/wp-json\/wp\/v2\/types\/page"}],"author":[{"embeddable":true,"href":"https:\/\/doylelawfirm.com\/es\/wp-json\/wp\/v2\/users\/1"}],"replies":[{"embeddable":true,"href":"https:\/\/doylelawfirm.com\/es\/wp-json\/wp\/v2\/comments?post=14957"}],"version-history":[{"count":0,"href":"https:\/\/doylelawfirm.com\/es\/wp-json\/wp\/v2\/pages\/14957\/revisions"}],"wp:attachment":[{"href":"https:\/\/doylelawfirm.com\/es\/wp-json\/wp\/v2\/media?parent=14957"}],"curies":[{"name":"wp","href":"https:\/\/api.w.org\/{rel}","templated":true}]}}