{"id":14480,"date":"2022-03-18T13:29:02","date_gmt":"2022-03-18T13:29:02","guid":{"rendered":"https:\/\/doylelawfirm.com\/workers-compensation-insurance-claim-with-zurich\/"},"modified":"2022-05-11T06:42:38","modified_gmt":"2022-05-11T06:42:38","slug":"workers-compensation-insurance-claim-with-zurich","status":"publish","type":"page","link":"https:\/\/doylelawfirm.com\/es\/workers-compensation-insurance-claim-with-zurich\/","title":{"rendered":"Reclamaci\u00f3n de seguro de compensaci\u00f3n para trabajadores con Zurich"},"content":{"rendered":"<p>[vc_row][vc_column width=&#8221;1\/4&#8243;][vc_wp_custommenu nav_menu=&#8221;93&#8243;][\/vc_column][vc_column width=&#8221;3\/4&#8243;][vc_column_text]<\/p>\n<h2 style=\"text-align: center;\"><strong>ABOGADO DE RECLAMOS DE SEGURO DE GALVESTON<\/strong><\/h2>\n<p>[\/vc_column_text][vc_column_text]Zurich American Insurance Company fue la segunda aseguradora de compensaci\u00f3n laboral m\u00e1s prol\u00edfica en Texas a partir de 2008, seg\u00fan el Departamento de Seguros de Texas, solo superada por la aseguradora de &#8220;grupo de riesgo&#8221; creada por el gobierno, Texas Mutual. Si bien puede ser dif\u00edcil medir los ingresos reales de corporaciones complejas con muchas divisiones, esta empresa con sede en Illinois inform\u00f3 haber obtenido m\u00e1s de $5 mil millones en 2008. Los entresijos de un reclamo de seguro requieren la asistencia de un abogado de reclamos de seguro de Galveston.[\/vc_column_text][vc_column_text]Hasta cierto punto, la mayor\u00eda de las personas reconoce que las compa\u00f1\u00edas de seguros de autom\u00f3viles y de propietarios de viviendas se centran en las ganancias y que tratar con ellas puede ser frustrante. El hecho de que surjan los mismos problemas con los reclamos de compensaci\u00f3n laboral es menos conocido.[\/vc_column_text][vc_column_text]En los abogados litigantes de Doyle Dennis  Avery LLP en Houston, hemos tomado medidas para muchos trabajadores lesionados cuyos reclamos v\u00e1lidos han sido denegados, retrasados y finalmente concedidos injustificadamente despu\u00e9s de que la v\u00edctima sufriera da\u00f1os f\u00edsicos, emocionales y psicol\u00f3gicos graves.[\/vc_column_text][vc_column_text]<\/p>\n<h3><strong>Abogados probados en juicios en los que puede confiar para un esfuerzo total<\/strong><\/h3>\n<p>[\/vc_column_text][vc_column_text]A menudo tomamos medidas en nombre del demandante en casos de mala fe de compensaci\u00f3n laboral extremadamente serios y de alto riesgo. Nuestros abogados colaboran, se preparan extensamente y van a juicio para ganar. Entre nuestros \u00e9xitos:[\/vc_column_text][vc_column_text]<\/p>\n<ul>\n<li>Un tribunal del condado de Galveston otorg\u00f3 al cliente de Doyle Dennis  Avery LLP Trial Lawyers, Jerome Ryan, m\u00e1s de $ 1.3 millones (Ryan v. Zurich American Insurance Company &#8211; Honorarios de abogados: $ 213,750; Gastos de litigio: $ 16,617.20) en da\u00f1os despu\u00e9s de que Zurich American Insurance Company retras\u00f3 injustificadamente los beneficios que cubren la p\u00e9rdida de ingresos de su trabajo como chorreador de arena. El jurado encontr\u00f3 que Zurich actu\u00f3 de mala fe cuando no obtuvo los registros m\u00e9dicos relacionados con la lesi\u00f3n en el hombro del Sr. Ryan, le inform\u00f3 err\u00f3neamente que no pod\u00eda elegir a su propio m\u00e9dico y se neg\u00f3 a pagar los beneficios de ingresos o las facturas m\u00e9dicas. <\/li>\n<\/ul>\n<p>[\/vc_column_text][vc_column_text]<\/p>\n<h3><strong>Apuntar a una compensaci\u00f3n justa y considerable para ayudar a los trabajadores lesionados a avanzar<\/strong><\/h3>\n<p>[\/vc_column_text][vc_column_text]En \u00faltima instancia, la aprobaci\u00f3n de un reclamo de compensaci\u00f3n para trabajadores y la devoluci\u00f3n de los beneficios no es suficiente para un trabajador que puede haber sufrido un empeoramiento de su condici\u00f3n m\u00e9dica, dificultades financieras extremas y estr\u00e9s y dolor excesivos durante meses o m\u00e1s. Es por eso que hacemos de los casos de mala fe de compensaci\u00f3n de trabajadores una alta prioridad en nuestra pr\u00e1ctica.[\/vc_column_text][vc_column_text]Si su caso potencial requiere un abogado con experiencia en disputas de accidentes de trabajo de Zurich Insurance, lo alentamos a que <a href=\"\/doylelawfirm\/contact\/\">llame o env\u00ede un correo electr\u00f3nico a nuestro bufete de abogados<\/a> hoy y programe una consulta.[\/vc_column_text][\/vc_column][\/vc_row]<\/p>\n","protected":false},"excerpt":{"rendered":"<p>[vc_row][vc_column width=&#8221;1\/4&#8243;][vc_wp_custommenu nav_menu=&#8221;93&#8243;][\/vc_column][vc_column width=&#8221;3\/4&#8243;][vc_column_text] ABOGADO DE RECLAMOS DE SEGURO DE GALVESTON [\/vc_column_text][vc_column_text]Zurich American Insurance Company fue la segunda aseguradora de compensaci\u00f3n laboral m\u00e1s prol\u00edfica en Texas a partir de 2008, seg\u00fan el Departamento de Seguros de Texas, solo superada por la aseguradora de &#8220;grupo de riesgo&#8221; creada por el gobierno, Texas Mutual. Si bien puede [&hellip;]<\/p>\n","protected":false},"author":1,"featured_media":0,"parent":0,"menu_order":0,"comment_status":"closed","ping_status":"closed","template":"","meta":{"footnotes":""},"class_list":["post-14480","page","type-page","status-publish","hentry"],"_links":{"self":[{"href":"https:\/\/doylelawfirm.com\/es\/wp-json\/wp\/v2\/pages\/14480","targetHints":{"allow":["GET"]}}],"collection":[{"href":"https:\/\/doylelawfirm.com\/es\/wp-json\/wp\/v2\/pages"}],"about":[{"href":"https:\/\/doylelawfirm.com\/es\/wp-json\/wp\/v2\/types\/page"}],"author":[{"embeddable":true,"href":"https:\/\/doylelawfirm.com\/es\/wp-json\/wp\/v2\/users\/1"}],"replies":[{"embeddable":true,"href":"https:\/\/doylelawfirm.com\/es\/wp-json\/wp\/v2\/comments?post=14480"}],"version-history":[{"count":0,"href":"https:\/\/doylelawfirm.com\/es\/wp-json\/wp\/v2\/pages\/14480\/revisions"}],"wp:attachment":[{"href":"https:\/\/doylelawfirm.com\/es\/wp-json\/wp\/v2\/media?parent=14480"}],"curies":[{"name":"wp","href":"https:\/\/api.w.org\/{rel}","templated":true}]}}