{"id":14477,"date":"2022-03-19T10:13:33","date_gmt":"2022-03-19T10:13:33","guid":{"rendered":"https:\/\/doylelawfirm.com\/xarelto-lawsuit\/"},"modified":"2022-05-11T07:49:39","modified_gmt":"2022-05-11T07:49:39","slug":"xarelto-lawsuit","status":"publish","type":"page","link":"https:\/\/doylelawfirm.com\/es\/xarelto-lawsuit\/","title":{"rendered":"DEMANDA XARELTO"},"content":{"rendered":"<p>[vc_row][vc_column width=&#8221;1\/4&#8243;][vc_wp_custommenu nav_menu=&#8221;95&#8243;][\/vc_column][vc_column width=&#8221;3\/4&#8243;][vc_column_text]<\/p>\n<h2 style=\"text-align: center;\"><strong>XARELTO<\/strong><\/h2>\n<p>[\/vc_column_text][vc_column_text]<\/p>\n<h2 style=\"text-align: center;\"><strong>\u00bfQU\u00c9 ES?<\/strong><\/h2>\n<p>[\/vc_column_text][vc_column_text]Xarelto es uno de los miembros m\u00e1s nuevos de la nueva ola de anticoagulantes que ingresan al mercado para reemplazar el medicamento anticoagulante tradicional warfarina (Coumadin). Aprobado en 2011, Xarelto es fabricado por Bayer y comercializado por Janssen Pharmaceuticals, una subsidiaria de Johnson &amp; Johnson. El medicamento ha disfrutado de una inmensa rentabilidad, con unos $ 2 mil millones en ventas en 2015, y las cifras en 2016 hasta ahora muestran un aumento en las ventas. La demanda de Xarelto alega que Janseen no tom\u00f3 las medidas adecuadas para proteger a los usuarios de Xarelto de los eventos de sangrado graves y potencialment e mortales.[\/vc_column_text][vc_column_text]Sin embargo, Xarelto se ha relacionado con complicaciones graves, como sangrado incontrolable, embolia pulmonar y accidente cerebrovascular. Se han presentado demandas judiciales alegando que Bayer y Johnson &amp; Johnson conoc\u00edan y ocultaban info rmaci\u00f3n sobre los riesgos asociados con Xarelto. Como resultado, cientos de pacientes han muerto debido al sangrado causado por el medicamento.[\/vc_column_text][vc_column_text]<\/p>\n<h2 style=\"text-align: center;\"><strong>C\u00d3MO FUNCIONA<\/strong><\/h2>\n<p>[\/vc_column_text][vc_column_text]Xarelto se comercializ\u00f3 como un nuevo tipo de anticoagulante que ser\u00eda m\u00e1s conveniente y menos re strictivo que los medicamentos anticoagulantes tradicionales (warfarina). Los pacientes que tomaron warfarina necesitaban an\u00e1lisis de sangre de rutina y un control m\u00e9dico frecuente de su dosis, as\u00ed como restricciones diet\u00e9ticas. Sin embargo, Xarelto ofreci \u00f3 una dosis uniforme, sin an\u00e1lisis de sangre de rutina y menos restricciones diet\u00e9ticas, lo que lo hace m\u00e1s atractivo para los pacientes.[\/vc_column_text][vc_column_text]Sin embargo, la principal diferencia entre Xarelto y warfarina es que no hay un ant\u00eddoto disponible para revertir el sangrado en caso de una emergencia que involucre a un paciente que toma Xarelto. Si el paciente est\u00e1 tomando warfarina, se puede administrar vitamina K para contrarrestar sus efectos.[\/vc_column_text][vc_column_text]<\/p>\n<h2 style=\"text-align: center;\"><strong>DEMANDAS QUE INCLUYEN RECLAMACIONES DE XARELTO<\/strong><\/h2>\n<p>[\/vc_column_text][vc_column_text]Seg\u00fan numerosas demandas presentadas contra Bayer y Johnson &amp; Johnson, cientos de muertes de pacientes y lesiones graves se han relacionado con Xarelto. Xarelto estaba en la parte superior de la lista de anticoagulantes m\u00e1s peligrosos seg\u00fan el Instituto de Pr\u00e1cticas de Medicaci\u00f3n Seguras (ISMP).[\/vc_column_text][vc_column_text]Si usted o alguien que conoce experiment\u00f3 complicaciones hemorr\u00e1gicas u otros efectos secundarios mientras tomaba Xarelto, comun\u00edquese con los abogados experimentados de Doyle Dennis Avery LLP   para una evaluaci\u00f3n de su Demanda Xarelto.[\/vc_column_text][\/vc_column][\/vc_row]<\/p>\n","protected":false},"excerpt":{"rendered":"<p>[vc_row][vc_column width=&#8221;1\/4&#8243;][vc_wp_custommenu nav_menu=&#8221;95&#8243;][\/vc_column][vc_column width=&#8221;3\/4&#8243;][vc_column_text] XARELTO [\/vc_column_text][vc_column_text] \u00bfQU\u00c9 ES? [\/vc_column_text][vc_column_text]Xarelto es uno de los miembros m\u00e1s nuevos de la nueva ola de anticoagulantes que ingresan al mercado para reemplazar el medicamento anticoagulante tradicional warfarina (Coumadin). Aprobado en 2011, Xarelto es fabricado por Bayer y comercializado por Janssen Pharmaceuticals, una subsidiaria de Johnson &amp; Johnson. El medicamento [&hellip;]<\/p>\n","protected":false},"author":1,"featured_media":0,"parent":0,"menu_order":0,"comment_status":"closed","ping_status":"closed","template":"","meta":{"footnotes":""},"class_list":["post-14477","page","type-page","status-publish","hentry"],"_links":{"self":[{"href":"https:\/\/doylelawfirm.com\/es\/wp-json\/wp\/v2\/pages\/14477","targetHints":{"allow":["GET"]}}],"collection":[{"href":"https:\/\/doylelawfirm.com\/es\/wp-json\/wp\/v2\/pages"}],"about":[{"href":"https:\/\/doylelawfirm.com\/es\/wp-json\/wp\/v2\/types\/page"}],"author":[{"embeddable":true,"href":"https:\/\/doylelawfirm.com\/es\/wp-json\/wp\/v2\/users\/1"}],"replies":[{"embeddable":true,"href":"https:\/\/doylelawfirm.com\/es\/wp-json\/wp\/v2\/comments?post=14477"}],"version-history":[{"count":0,"href":"https:\/\/doylelawfirm.com\/es\/wp-json\/wp\/v2\/pages\/14477\/revisions"}],"wp:attachment":[{"href":"https:\/\/doylelawfirm.com\/es\/wp-json\/wp\/v2\/media?parent=14477"}],"curies":[{"name":"wp","href":"https:\/\/api.w.org\/{rel}","templated":true}]}}