{"id":14453,"date":"2022-03-17T11:00:34","date_gmt":"2022-03-17T11:00:34","guid":{"rendered":"https:\/\/doylelawfirm.com\/tornado-damage-claims-dispute-lawyers\/"},"modified":"2022-05-11T07:38:22","modified_gmt":"2022-05-11T07:38:22","slug":"tornado-damage-claims-dispute-lawyers","status":"publish","type":"page","link":"https:\/\/doylelawfirm.com\/es\/tornado-damage-claims-dispute-lawyers\/","title":{"rendered":"DA\u00d1OS DE TORNADO RECLAMAN ABOGADOS DE DISPUTAS"},"content":{"rendered":"<p>[vc_row][vc_column width=&#8221;1\/4&#8243;][vc_wp_custommenu nav_menu=&#8221;91&#8243;][\/vc_column][vc_column width=&#8221;3\/4&#8243;][vc_column_text]<\/p>\n<h2 style=\"text-align: center;\"><strong>ABOGADO DE RECLAMACI\u00d3N POR DA\u00d1O DE TORNADO<\/strong><\/h2>\n<p>[\/vc_column_text][vc_column_text]Cualqu iera que haya pasado por un tornado tiene motivos para preguntarse c\u00f3mo una compa\u00f1\u00eda de seguros puede negar un reclamo por da\u00f1os por tornados para los titulares de p\u00f3lizas. Incluso sin un impacto directo de una nube de embudo, la tormenta de viento, la llu via y el granizo que lo acompa\u00f1an pueden deslizar un camino de destrucci\u00f3n de media milla de ancho.[\/vc_column_text][vc_column_text]<\/p>\n<h3><strong>Consulta gratuita \u00b7 Base de honorarios de contingencia \u00b7 Representaci\u00f3n en todo Texas<\/strong><\/h3>\n<p>[\/vc_column_text][vc_column_text]Si sus propietarios o su compa\u00f1\u00eda de seguros comercial le negaron un reclamo por da\u00f1os por tornados, hable con un abogado con experiencia en litigios de seguros en <a href=\"https:\/\/doylelawfirm.com\/tornado-claim-disputes\/firm-overview\">Doyle Dennis Avery LLP   Trial Lawyers<\/a> Cont\u00e1ctenos hoy para una consulta inicial gratuita. Manejamos todos los casos de litigios de seguros de mala fe en base a honorarios de contingencia, lo que significa que no pagar\u00e1 los honorarios de los abogados a menos que lo ayudemos a recuperar el reclamo que est\u00e1 buscando.[\/vc_column_text][vc_column_text]<\/p>\n<h3><strong>P\u00e9rdida total<\/strong><\/h3>\n<p>[\/vc_column_text][vc_column_text]El da\u00f1o por tornado es a menudo total y completo. Somos profesionales de litigios de seguros de p\u00e9rdida total. Defendemos a los asegurados que tomen medidas contra las compa\u00f1\u00ed as de seguros que operan de mala fe al negar el costo total del reemplazo del edificio y la reparaci\u00f3n de la propiedad.[\/vc_column_text][vc_column_text]Si ha experimentado algo de lo siguiente despu\u00e9s de presentar un reclamo por da\u00f1os por tornados, cont\u00e1ctenos hoy.[\/vc_column_text][vc_column_text]<\/p>\n<ul>\n<li>Reclamos de da\u00f1os a la propiedad denegados<\/li>\n<li>Requisitos de informes excesivos para incidentes de da\u00f1os por tornados<\/li>\n<li>Falta de pago inmediato de reclamos<\/li>\n<li>No investigar y evaluar adecuadamente los reclamos por da\u00f1os por tornados de inmediato<\/li>\n<li>Evaluaciones de reclamos bajos y oferta s de liquidaci\u00f3n<\/li>\n<li>Acusaciones de que su edificio no cumpli\u00f3 con los requisitos del c\u00f3digo especificado<\/li>\n<\/ul>\n<p>[\/vc_column_text][vc_column_text]La ley de seguros de Texas es clara. Se requiere que las compa\u00f1\u00edas de seguros muestren una causa razonable para negar o retrasar el pago, si la p\u00f3liza cub re claramente tornados, granizo, <a href=\"https:\/\/doylelawfirm.com\/tornado-claim-disputes\/windstorm-claim-disputes\">lluvia<\/a>, tormenta de viento u otros da\u00f1os relacionados con el clima  Si su reclamo ha sido denegado o retenido para fines administrativos desconocidos, seremos su voz en la mesa.[\/vc_column_text][vc_column_text]Contratamos techadores, contratistas e ingenieros independientes para determinar el da\u00f1o Cuando manejamos reclamos de seguros de propiedad, no solo tomamos las estimaciones proporcionadas por los ajustadores de seguros. Investigamos activamente las opiniones de contratistas y ajustadores independientes y hacemos una evaluaci\u00f3n independiente. Obtenemos una estimaci\u00f3n exhaustiva muy detallada sobre el da\u00f1o real y cu\u00e1nto debemos buscar en la compensaci\u00f3n de reclamos. Nuestro uso de expertos profesionales, contratistas e ingenieros nos distingue de otras firmas de litigios de seguros.[\/vc_column_text][vc_column_text]<strong>Visite estas p\u00e1ginas para obtener m\u00e1s informaci\u00f3n sobre la pr\u00e1ctica de litigios de seguros de nuestra firma:<\/strong>[\/vc_column_text][vc_column_text]<\/p>\n<ul>\n<li><a href=\"https:\/\/doylelawfirm.com\/tornado-claim-disputes\/rules-for-appropriate-insurance-company-conduct\">Reglas para la conducta apropiada de la compa\u00f1\u00eda de seguros<\/a><\/li>\n<li><a href=\"https:\/\/doylelawfirm.com\/tornado-claim-disputes\/what-is-homeowners-insurance-and-what-does-it-cover\">\u00bfQu\u00e9 es el seguro para propietarios de viviendas y qu\u00e9 cubre?<\/a><\/li>\n<\/ul>\n<p>[\/vc_column_text][vc_column_text]Para discutir su reclamo y opciones legales con un abogado experimentado en da\u00f1os por tornados en Texas, <a href=\"\/doylelawfirm\/contact\">cont\u00e1ctenos hoy<\/a>. Desde nuestras oficinas en Houston y Galveston, representamos a clientes en todo el estado de Texas y en todo el pa\u00eds.[\/vc_column_text][vc_column_text]Disputa de reclamo de seguro de tornado[\/vc_column_text][\/vc_column][\/vc_row]<\/p>\n","protected":false},"excerpt":{"rendered":"<p>[vc_row][vc_column width=&#8221;1\/4&#8243;][vc_wp_custommenu nav_menu=&#8221;91&#8243;][\/vc_column][vc_column width=&#8221;3\/4&#8243;][vc_column_text] ABOGADO DE RECLAMACI\u00d3N POR DA\u00d1O DE TORNADO [\/vc_column_text][vc_column_text]Cualqu iera que haya pasado por un tornado tiene motivos para preguntarse c\u00f3mo una compa\u00f1\u00eda de seguros puede negar un reclamo por da\u00f1os por tornados para los titulares de p\u00f3lizas. Incluso sin un impacto directo de una nube de embudo, la tormenta de viento, [&hellip;]<\/p>\n","protected":false},"author":1,"featured_media":0,"parent":0,"menu_order":0,"comment_status":"closed","ping_status":"closed","template":"","meta":{"footnotes":""},"class_list":["post-14453","page","type-page","status-publish","hentry"],"_links":{"self":[{"href":"https:\/\/doylelawfirm.com\/es\/wp-json\/wp\/v2\/pages\/14453","targetHints":{"allow":["GET"]}}],"collection":[{"href":"https:\/\/doylelawfirm.com\/es\/wp-json\/wp\/v2\/pages"}],"about":[{"href":"https:\/\/doylelawfirm.com\/es\/wp-json\/wp\/v2\/types\/page"}],"author":[{"embeddable":true,"href":"https:\/\/doylelawfirm.com\/es\/wp-json\/wp\/v2\/users\/1"}],"replies":[{"embeddable":true,"href":"https:\/\/doylelawfirm.com\/es\/wp-json\/wp\/v2\/comments?post=14453"}],"version-history":[{"count":0,"href":"https:\/\/doylelawfirm.com\/es\/wp-json\/wp\/v2\/pages\/14453\/revisions"}],"wp:attachment":[{"href":"https:\/\/doylelawfirm.com\/es\/wp-json\/wp\/v2\/media?parent=14453"}],"curies":[{"name":"wp","href":"https:\/\/api.w.org\/{rel}","templated":true}]}}