{"id":14426,"date":"2022-03-21T05:40:47","date_gmt":"2022-03-21T05:40:47","guid":{"rendered":"https:\/\/doylelawfirm.com\/oil-gas-refinery-explosions\/"},"modified":"2022-07-17T14:06:56","modified_gmt":"2022-07-17T14:06:56","slug":"explosiones-de-refineria-de-petroleo-y-gas","status":"publish","type":"page","link":"https:\/\/doylelawfirm.com\/es\/explosiones-de-refineria-de-petroleo-y-gas\/","title":{"rendered":"EXPLOSIONES DE REFINER\u00cdA DE PETR\u00d3LEO Y GAS"},"content":{"rendered":"<p>[vc_row][vc_column width=&#8221;1\/4&#8243;][vc_wp_custommenu nav_menu=&#8221;97&#8243;][\/vc_column][vc_column width=&#8221;3\/4&#8243;][vc_column_text]<\/p>\n<h2 style=\"text-align: center;\"><strong>\u00bfHA SUFRIDO UNA LESI\u00d3N COMO RESULTADO DE UNA EXPLOSI\u00d3N DE REFINER\u00cdA DE PETR\u00d3LEO O GAS?<\/strong><\/h2>\n<p>[\/vc_column_text][vc_column_text]Una refiner\u00eda de petr\u00f3leo o gas puede ser un lugar extremadamente peligroso para trabajar, ya que los trabajadores est\u00e1n expuestos habitualmente a riesgos graves. En el caso de una explosi\u00f3n en una refiner\u00eda de petr\u00f3leo y gas, los trabajadores lesionados a menudo sufren de bido a las condiciones de trabajo que crearon un ambiente de trabajo innecesariamente inseguro.[\/vc_column_text][vc_column_text]Con frecuencia, la explosi\u00f3n o accidente en una refiner\u00eda de petr\u00f3leo o gas ni siquiera fue culpa del empleador directo de un trabajador lesionado, sino de otr o tercero, como un contratista \/ subcontratista o el propietario de la instalaci\u00f3n.[\/vc_column_text][vc_column_text]<\/p>\n<h3><strong>Experiencia obteniendo compensaci\u00f3n para trabajadores lesionados<\/strong><\/h3>\n<p>[\/vc_column_text][vc_column_text]Los abogados de Doyle Dennis Avery LLP   Abogados Litigantes tienen experiencia en el manejo de reclamos por lesiones en el lugar de trabajo donde pueden ser cuestiones complejas de responsabilidad. En una explosi\u00f3n de una refiner\u00eda de petr\u00f3leo y gas, pueden existir muchas capas de responsabilidad, ya que puede haber:[\/vc_column_text][vc_column_text]<\/p>\n<ul>\n<li>Falta de mantenimiento y reparaci\u00f3n de equipos y estruct uras.<\/li>\n<li>Un incumplimiento de los c\u00f3digos y est\u00e1ndares de la industria.<\/li>\n<li>Falta de supervisi\u00f3n adecuada<\/li>\n<li>No existe un programa de entrenamiento adecuado<\/li>\n<li>Sistemas y procedimientos de seguridad inadecuados para prevenir accidentes y explosiones.<\/li>\n<li>Negligencia por pa rte de los operadores de la refiner\u00eda, as\u00ed como contratistas, subcontratistas y otros terceros.<\/li>\n<\/ul>\n<p>[\/vc_column_text][vc_column_text]Los abogados de Doyle Dennis Avery LLP   Abogados Litigantes pueden ayudarlo a navegar a trav\u00e9s de estos problemas complejos, a fin de determinar los pasos legales apropiados a tomar y ayudarlo a obtener la compensaci\u00f3n que merece. Estamos muy familiarizados con las leyes y reglamentos que rigen la industria del petr\u00f3leo y el gas, y el litigio de las explosiones en las refiner\u00edas, y hemos obtenido numerosos veredictos, laudos y acuerdos favorables para quienes sufren lesiones similares en el lugar de trabajo. Con base en su reclamo, es posible que pueda recuperarse de la p\u00e9rdida de ingresos y capacidad de ingresos pasada y futura, discapacidad f\u00edsica y desfiguraci\u00f3n, facturas m\u00e9 dicas pasadas y futuras, y cualquier angustia y dolor mental.[\/vc_column_text][vc_column_text]<\/p>\n<h3><strong>P\u00f3ngase en contacto con un abogado para obtener ayuda con su reclamo por lesiones laborales<\/strong><\/h3>\n<p>[\/vc_column_text][vc_column_text]Si ha sufrido una lesi\u00f3n como resultado de una explosi\u00f3n en una refiner\u00eda de petr\u00f3leo y gas, comun\u00edqu ese hoy con Doyle Dennis Avery LLP   Trial Lawyers. Perm\u00edtanos ayudarlo a recuperar lo que tiene derecho en su reclamo por lesiones laborales.[\/vc_column_text][\/vc_column][\/vc_row]<\/p>\n","protected":false},"excerpt":{"rendered":"<p>[vc_row][vc_column width=&#8221;1\/4&#8243;][vc_wp_custommenu nav_menu=&#8221;97&#8243;][\/vc_column][vc_column width=&#8221;3\/4&#8243;][vc_column_text] \u00bfHA SUFRIDO UNA LESI\u00d3N COMO RESULTADO DE UNA EXPLOSI\u00d3N DE REFINER\u00cdA DE PETR\u00d3LEO O GAS? [\/vc_column_text][vc_column_text]Una refiner\u00eda de petr\u00f3leo o gas puede ser un lugar extremadamente peligroso para trabajar, ya que los trabajadores est\u00e1n expuestos habitualmente a riesgos graves. En el caso de una explosi\u00f3n en una refiner\u00eda de petr\u00f3leo y [&hellip;]<\/p>\n","protected":false},"author":1,"featured_media":0,"parent":0,"menu_order":0,"comment_status":"closed","ping_status":"closed","template":"","meta":{"footnotes":""},"class_list":["post-14426","page","type-page","status-publish","hentry"],"_links":{"self":[{"href":"https:\/\/doylelawfirm.com\/es\/wp-json\/wp\/v2\/pages\/14426","targetHints":{"allow":["GET"]}}],"collection":[{"href":"https:\/\/doylelawfirm.com\/es\/wp-json\/wp\/v2\/pages"}],"about":[{"href":"https:\/\/doylelawfirm.com\/es\/wp-json\/wp\/v2\/types\/page"}],"author":[{"embeddable":true,"href":"https:\/\/doylelawfirm.com\/es\/wp-json\/wp\/v2\/users\/1"}],"replies":[{"embeddable":true,"href":"https:\/\/doylelawfirm.com\/es\/wp-json\/wp\/v2\/comments?post=14426"}],"version-history":[{"count":0,"href":"https:\/\/doylelawfirm.com\/es\/wp-json\/wp\/v2\/pages\/14426\/revisions"}],"wp:attachment":[{"href":"https:\/\/doylelawfirm.com\/es\/wp-json\/wp\/v2\/media?parent=14426"}],"curies":[{"name":"wp","href":"https:\/\/api.w.org\/{rel}","templated":true}]}}