{"id":14422,"date":"2022-03-19T10:14:17","date_gmt":"2022-03-19T10:14:17","guid":{"rendered":"https:\/\/doylelawfirm.com\/military-contractor-claims\/"},"modified":"2022-05-11T07:13:25","modified_gmt":"2022-05-11T07:13:25","slug":"military-contractor-claims","status":"publish","type":"page","link":"https:\/\/doylelawfirm.com\/es\/military-contractor-claims\/","title":{"rendered":"RECLAMACIONES DEL CONTRATISTA MILITAR"},"content":{"rendered":"<p>[vc_row][vc_column width=&#8221;1\/4&#8243;][vc_wp_custommenu nav_menu=&#8221;96&#8243;][\/vc_column][vc_column width=&#8221;3\/4&#8243;][vc_column_text]<\/p>\n<h2 style=\"text-align: center;\"><strong>COMPENSACI\u00d3N DE OBJETIVO AGRESIVO PARA PERSONAL MILITAR<\/strong><\/h2>\n<p>[\/vc_column_text][vc_column_text]En Doyle Dennis Avery LLP   Trial Lawyers, nuestro trabajo reciente en busca de reclamos contra contratistas militares se ha centrado en continuar el litigio sobre la exposici\u00f3n de nuestros soldados al conocido cromo hexavalente qu\u00edmico que causa c\u00e1ncer, tambi\u00e9n conocido como dicromato de sodio, instalaciones y sitios operados por Houston. empresa de ingenier\u00eda y constru cci\u00f3n KBR, Inc. Un reclamo de contratista militar contra KBR, Dyncorp, Fluor, Aecom y otros contratistas militares puede involucrar el derecho internacional y defensas legales complicadas.[\/vc_column_text][vc_column_text]Este importante esfuerzo determinado ha preparado a\u00fan m\u00e1s a nu estros abogados para manejar otros posibles reclamos por negligencia y da\u00f1os en nombre del personal militar de EE. UU. Y el Reino Unido. Lo alentamos a <a href=\"https:\/\/doylelawfirm.com\/contact\/\">contactarnos<\/a> si usted es:[\/vc_column_text][vc_column_text]<\/p>\n<ul>\n<li>Experimentar problemas respiratorios o s\u00edntomas de exposici\u00f3n t\u00f3xica que cr ee que se debe a su servicio en la planta de tratamiento de agua Qarmat Ali en Irak en 2003, donde se produjo la exposici\u00f3n al carcin\u00f3geno de sodio diclorato de sodio y sali\u00f3 a la luz.<\/li>\n<li>Una familia en duelo por un soldado tr\u00e1gicamente perdido en una <a href=\"\/doylelawfirm\/claims-against-military-contractors\/Electrocutions-at-Military-Bases\">elect rocuci\u00f3n en una base militar<\/a> o lugar de despliegue<\/li>\n<li>Entre miles de ex militares actuales y actuales que sufren los efectos nocivos de la exposici\u00f3n a los humos emitidos por las fosas t\u00f3xicas de los contratistas en Irak o Afganist\u00e1n<\/li>\n<li>Una v\u00edctima de alguna otra forma de exposici\u00f3n a sustancias qu\u00edmicas t\u00f3xicas que cree que ocurri\u00f3 mientras prestaba servicio en las fuerzas armadas de los EE. UU. O el Reino Unido<\/li>\n<li>Las personas, generalmente empleados o ex empleados de una empresa, que tienen informaci\u00f3n privilegiada sobre fraude contra el gobierno pueden hacer valer los reclamos de &#8220;Qui Tam&#8221; contra la empresa.<\/li>\n<\/ul>\n<p>[\/vc_column_text][vc_column_text]<\/p>\n<h3><strong>Un enfoque audaz y tenaz para reclamos de lesiones v\u00e1lidas contra contratistas militares .<\/strong><\/h3>\n<p>[\/vc_column_text][vc_column_text]Creemos que la evidencia convincente y el testimonio de los soldados que contin\u00faan apareciendo claramente muestran una negligencia extrema por parte de KBR, una compa\u00f1\u00eda con m\u00e1s de 50,000 empleados que orgullosamente anuncia su estatus como &#8220;el mayor contratista para el Ej\u00e9rcito de los Estados Unidos y uno de los diez mejores contratistas para el Departamento de Defensa de los EE. UU. \u201d. Cuando esto y otras posibles formas de negligencia grave del contratista ocurrieron, KBR era una subsidiaria del m\u00e1s conocido Halliburton, tambi\u00e9n con sede en Houston, Te xas.[\/vc_column_text][vc_column_text]En Doyle Dennis Avery LLP   Trial Lawyers, nuestros abogados tienen una orgullosa historia de \u00e9xito en litigios contra entidades corporativas poderosas, y no podemos ser intimidados por la riqueza o disuadidos por reclamos cuestionables de inmunidad de responsabi lidad por parte de contratistas militares u otros.[\/vc_column_text][vc_column_text]Para analizar su posible reclamo de contratista militar con un abogado que lo tomar\u00e1 en serio y lo tratar\u00e1 con cuidado y respeto, <a href=\"\/doylelawfirm\/contact\/\">ll\u00e1menos o env\u00edenos un<\/a> correo electr\u00f3nico en cualquier momento.[\/vc_column_text][\/vc_column][\/vc_row]<\/p>\n","protected":false},"excerpt":{"rendered":"<p>[vc_row][vc_column width=&#8221;1\/4&#8243;][vc_wp_custommenu nav_menu=&#8221;96&#8243;][\/vc_column][vc_column width=&#8221;3\/4&#8243;][vc_column_text] COMPENSACI\u00d3N DE OBJETIVO AGRESIVO PARA PERSONAL MILITAR [\/vc_column_text][vc_column_text]En Doyle Dennis Avery LLP Trial Lawyers, nuestro trabajo reciente en busca de reclamos contra contratistas militares se ha centrado en continuar el litigio sobre la exposici\u00f3n de nuestros soldados al conocido cromo hexavalente qu\u00edmico que causa c\u00e1ncer, tambi\u00e9n conocido como dicromato de sodio, [&hellip;]<\/p>\n","protected":false},"author":1,"featured_media":0,"parent":0,"menu_order":0,"comment_status":"closed","ping_status":"closed","template":"","meta":{"footnotes":""},"class_list":["post-14422","page","type-page","status-publish","hentry"],"_links":{"self":[{"href":"https:\/\/doylelawfirm.com\/es\/wp-json\/wp\/v2\/pages\/14422","targetHints":{"allow":["GET"]}}],"collection":[{"href":"https:\/\/doylelawfirm.com\/es\/wp-json\/wp\/v2\/pages"}],"about":[{"href":"https:\/\/doylelawfirm.com\/es\/wp-json\/wp\/v2\/types\/page"}],"author":[{"embeddable":true,"href":"https:\/\/doylelawfirm.com\/es\/wp-json\/wp\/v2\/users\/1"}],"replies":[{"embeddable":true,"href":"https:\/\/doylelawfirm.com\/es\/wp-json\/wp\/v2\/comments?post=14422"}],"version-history":[{"count":0,"href":"https:\/\/doylelawfirm.com\/es\/wp-json\/wp\/v2\/pages\/14422\/revisions"}],"wp:attachment":[{"href":"https:\/\/doylelawfirm.com\/es\/wp-json\/wp\/v2\/media?parent=14422"}],"curies":[{"name":"wp","href":"https:\/\/api.w.org\/{rel}","templated":true}]}}