{"id":14411,"date":"2022-03-21T05:56:18","date_gmt":"2022-03-21T05:56:18","guid":{"rendered":"https:\/\/doylelawfirm.com\/lesiones-internacionales-del-trabajo\/"},"modified":"2022-05-11T07:04:20","modified_gmt":"2022-05-11T07:04:20","slug":"lesiones-internacionales-del-trabajo","status":"publish","type":"page","link":"https:\/\/doylelawfirm.com\/es\/lesiones-internacionales-del-trabajo\/","title":{"rendered":"LESIONES INTERNACIONALES DEL TRABAJO"},"content":{"rendered":"<p>[vc_row][vc_column width=&#8221;1\/4&#8243;][vc_wp_custommenu nav_menu=&#8221;99&#8243;][\/vc_column][vc_column width=&#8221;3\/4&#8243;][vc_column_text]<\/p>\n<h2 style=\"text-align: center;\"><strong>\u00bfHas sufrido una lesi\u00f3n laboral internacional?<\/strong><\/h2>\n<p>[\/vc_column_text][vc_column_text]Si usted es un ciudadano estadounidense que sufre una lesi\u00f3n laboral internacional mientras trabaja en el extranjero en la industria del transporte mar\u00edtimo, la exploraci\u00f3n petrolera u otra ocupaci\u00f3n de la industria mar\u00edtima, un ciudadano de un pa\u00eds europeo u otro extranjero que se lastima mientras trabaja en el extranjero para una corporaci\u00f3n con sede en los EE. UU. en una plataforma petrolera, buque de carga u otro tipo de embarcaci\u00f3n, es posible que no tenga claro qu\u00e9 derechos puede perseguir y c\u00f3mo puede obtener una compensaci\u00f3n monetaria por su lesi\u00f3n.[\/vc_column_text][vc_column_text]Los abogados de Doyle Dennis Avery LLP   Abogados Litigantes tienen experiencia en el manejo de reclamos por lesiones graves contra compa\u00f1\u00edas estadounidenses, independientemente de en qu\u00e9 parte del mundo haya ocurrido el accidente. Buscaremos el lugar m\u00e1s apropiado para su caso y determinaremos un enfoque efectivo para obtener la compensaci\u00f3n a la que tiene derecho.[\/vc_column_text][vc_column_text]<\/p>\n<h3><strong>Una reputaci\u00f3n que se extiende a trav\u00e9s de las fronteras y los oc\u00e9anos<\/strong><\/h3>\n<p>[\/vc_column_text][vc_column_text]Los casos internacionales de lesiones laborales pueden ser dif\u00edciles de investigar y perseguir, pero hemos estructurado nuestra firma para manejar casos desafiantes que otros abogados pueden rechazar debido a la complejidad y los costos potenciales. Nuestra firma tiene una reputaci\u00f3n reconocida internacionalmente por tener:[\/vc_column_text][vc_column_text]<\/p>\n<ul>\n<li>Una trayectoria de \u00e9xito en derecho mar\u00edtimo<\/li>\n<li>Un equipo de abogados conocedores de los sistemas legales fuera de los EE. UU. Y que se sienten c\u00f3modos trabajando con abogados, abogados y abogados no estadounidenses.<\/li>\n<li>Conexiones s\u00f3lidas y de larga data con recursos de derecho mar\u00edtimo en el Reino Unido y en otros lugares<\/li>\n<li>Una capacidad comprobada para abordar los problemas legales m\u00e1s complejos y dif\u00edciles, como la superaci\u00f3n de la inmunidad deseada de las empresas estadounidenses a reclamos contra contratistas militares<\/li>\n<li>Una base s\u00f3lida en EE. UU. E internacional para derivaciones de casos de lesiones mar\u00edtimas, lo que nos permite consolidar los gastos de viaje y otros costos<\/li>\n<\/ul>\n<p>[\/vc_column_text][vc_column_text]Lo que es m\u00e1s importante, tenemos una amplia experiencia desenredando complejas relaciones empleador \/ empleado y contratos de trabajo. Esto nos permite determinar c\u00f3mo establecer efectivamente la responsabilidad por una lesi\u00f3n mar\u00edtima y llevar los casos al sistema judicial de los EE. UU., Donde la recuperaci\u00f3n de los da\u00f1os a menudo conduce a una diferencia real en la vida de las v\u00edctimas lesionadas o las familias de un trabajador fallecido. Como resultado de nuestros esfuerzos, muchos trabajadores lesionados han podido recuperarse, incluyendo:[\/vc_column_text][vc_column_text]<\/p>\n<ul>\n<li>Un capit\u00e1n de un barco de suministros atacado por miembros de la tripulaci\u00f3n frente a las costas de \u00c1frica, sufriendo heridas graves por las cuales su empleador, una importante compa\u00f1\u00eda naviera de EE. UU., Se neg\u00f3 a cumplir sus obligaciones.<\/li>\n<li>La familia de un trabajador de una refiner\u00eda secuestrada y presuntamente muerta mientras trabajaba en Sudam\u00e9rica por una compa\u00f1\u00eda de servicios petroleros de Texas.<\/li>\n<li>Un ciudadano alem\u00e1n con residencia en el Reino Unido que sufri\u00f3 un brazo aplastado y otras lesiones mientras trabajaba como ingeniero s\u00edsmico en el Golfo de M\u00e9xico para una compa\u00f1\u00eda petrolera de Texas<\/li>\n<li>Un residente de Nueva Zelanda cuyo brazo y espalda dominantes fueron destruidos mientras su barco estaba en puerto en Sud\u00e1frica<\/li>\n<li>Numerosos otros trabajadores lesionados en situaciones complicadas por su ciudadan\u00eda nacional, la ubicaci\u00f3n de su accidente u otros factores<\/li>\n<\/ul>\n<p>[\/vc_column_text][vc_column_text]<\/p>\n<h3><strong>Comun\u00edquese con Doyle Dennis Avery LLP   Abogados Litigantes LLP Abogados Litigantes para un reclamo por lesiones contra una corporaci\u00f3n de EE. UU.<\/strong><\/h3>\n<p>[\/vc_column_text][vc_column_text]Si ha sufrido una lesi\u00f3n laboral internacional, o si es un abogado en otro pa\u00eds que busca asesor\u00eda especializada para su cliente, lo alentamos a que se ponga en contacto con Doyle Dennis Avery LLP   Abogados Litigantes hoy. Perm\u00edtanos ayudarlo a obtener una compensaci\u00f3n por su lesi\u00f3n laboral internacional, para que pueda emprender el camino hacia la recuperaci\u00f3n.[\/vc_column_text][\/vc_column][\/vc_row]<\/p>\n","protected":false},"excerpt":{"rendered":"<p>[vc_row][vc_column width=&#8221;1\/4&#8243;][vc_wp_custommenu nav_menu=&#8221;99&#8243;][\/vc_column][vc_column width=&#8221;3\/4&#8243;][vc_column_text] \u00bfHas sufrido una lesi\u00f3n laboral internacional? [\/vc_column_text][vc_column_text]Si usted es un ciudadano estadounidense que sufre una lesi\u00f3n laboral internacional mientras trabaja en el extranjero en la industria del transporte mar\u00edtimo, la exploraci\u00f3n petrolera u otra ocupaci\u00f3n de la industria mar\u00edtima, un ciudadano de un pa\u00eds europeo u otro extranjero que se lastima [&hellip;]<\/p>\n","protected":false},"author":1,"featured_media":0,"parent":0,"menu_order":0,"comment_status":"closed","ping_status":"closed","template":"","meta":{"footnotes":""},"class_list":["post-14411","page","type-page","status-publish","hentry"],"_links":{"self":[{"href":"https:\/\/doylelawfirm.com\/es\/wp-json\/wp\/v2\/pages\/14411","targetHints":{"allow":["GET"]}}],"collection":[{"href":"https:\/\/doylelawfirm.com\/es\/wp-json\/wp\/v2\/pages"}],"about":[{"href":"https:\/\/doylelawfirm.com\/es\/wp-json\/wp\/v2\/types\/page"}],"author":[{"embeddable":true,"href":"https:\/\/doylelawfirm.com\/es\/wp-json\/wp\/v2\/users\/1"}],"replies":[{"embeddable":true,"href":"https:\/\/doylelawfirm.com\/es\/wp-json\/wp\/v2\/comments?post=14411"}],"version-history":[{"count":0,"href":"https:\/\/doylelawfirm.com\/es\/wp-json\/wp\/v2\/pages\/14411\/revisions"}],"wp:attachment":[{"href":"https:\/\/doylelawfirm.com\/es\/wp-json\/wp\/v2\/media?parent=14411"}],"curies":[{"name":"wp","href":"https:\/\/api.w.org\/{rel}","templated":true}]}}