{"id":14408,"date":"2022-03-21T05:54:53","date_gmt":"2022-03-21T05:54:53","guid":{"rendered":"https:\/\/doylelawfirm.com\/lesiones-internacionales\/"},"modified":"2022-05-11T07:02:50","modified_gmt":"2022-05-11T07:02:50","slug":"lesiones-internacionales","status":"publish","type":"page","link":"https:\/\/doylelawfirm.com\/es\/lesiones-internacionales\/","title":{"rendered":"LESIONES INTERNACIONALES"},"content":{"rendered":"<p>[vc_row][vc_column width=&#8221;1\/4&#8243;][vc_wp_custommenu nav_menu=&#8221;99&#8243;][\/vc_column][vc_column width=&#8221;3\/4&#8243;][vc_column_text]<\/p>\n<h2 style=\"text-align: center;\"><strong>ABOGADOS DE ESTADOS UNIDOS CON EXTENSIVA EXPERIENCIA JUR\u00cdDICA INTERNACIONAL<\/strong><\/h2>\n<p>[\/vc_column_text][vc_column_text]Entre las situaciones m\u00e1s intimidantes que una persona puede enfrentar es un evento catastr\u00f3fico que causa lesiones graves lejos de casa. Resolver opciones legales y encontrar un abogado de lesiones personales internacional confiable realmente enfocado en sus necesidades es lo suficientemente dif\u00edcil para un residente de toda la vida de los Estados Unidos herido en el \u00e1rea de Houston o un marino estadounidense herido en las aguas de la costa del Golfo de Texas.<\/p>\n<p>[\/vc_column_text][vc_column_text]En Doyle Dennis Avery LLP   Trial Lawyers, el desaf\u00edo de llevar casos de lesiones personales graves a los tribunales de los EE. UU. Para su resoluci\u00f3n es uno que nuestros abogados se han encontrado y superado muchas veces. De hecho, aceptamos la complejidad de estos casos y nos esforzamos por familiarizar a los extranjeros con nuestros valiosos clientes. <strong><a href=\"\/doylelawfirm\/contact\/\">Comun\u00edquesecon<\/a>nuestro abogado internacional de lesiones personales si necesita el asesoramiento de un abogado dispuesto a cruzar las fronteras y capaz de navegar por diversos sistemas legales.<\/strong>[\/vc_column_text][vc_column_text]<\/p>\n<h3><strong>Cruzando los oc\u00e9anos y las fronteras para enfrentar los problemas legales desafiantes de frente<\/strong><\/h3>\n<p>[\/vc_column_text][vc_column_text]Hemos demostrado nuestra capacidad para defender los derechos legales completos de:[\/vc_column_text][vc_column_text]<\/p>\n<ul>\n<li>Ciudadanos de EE. UU. Y ciudadanos de otros pa\u00edses heridos en el extranjero durante vacaciones o durante viajes de negocios<\/li>\n<li>Trabajadores mar\u00edtimos y personas en otras ocupaciones lesionadas trabajando para empresas estadounidenses<\/li>\n<li>Reino Unido y otros viajeros que no son ciudadanos estadounidenses heridos en los Estados Unidos<\/li>\n<\/ul>\n<p>[\/vc_column_text][vc_column_text]Nuestros esfuerzos se extienden a <a href=\"\/doylelawfirm\/claims-against-military-contractors\/\">reclamos por exposici\u00f3n a qu\u00edmicos<\/a> contra contratistas militares originarios de Irak y Afganist\u00e1n, reclamos en nombre de ciudadanos brit\u00e1nicos lesionados que deben ser tratados en los tribunales del Reino Unido en colaboraci\u00f3n con abogados del pa\u00eds y otros asuntos transnacionales. Entendemos el sistema legal brit\u00e1nico, las demandas de los trabajadores en las plataformas petroleras y los miembros de la tripulaci\u00f3n en varios tipos de barcos, y la interacci\u00f3n entre varios sistemas legales en el \u00e1mbito de las reclamaciones internacionales por lesiones personales.[\/vc_column_text][vc_column_text]<\/p>\n<h3><strong>Credenciales y experiencia de casos que justifiquen la confianza de nuestros clients<\/strong><\/h3>\n<p>[\/vc_column_text][vc_column_text]Nuestro bufete de abogados mantiene una pr\u00e1ctica decididamente internacional, y nuestros abogados tienen la s\u00f3lida experiencia para continuar construyendo y expandi\u00e9ndose en esta \u00e1rea de fortaleza. Tres miembros de <a href=\"\/doylelawfirm\/firm-overview\/\">nuestro equipo legal colaborativo<\/a>, <a href=\"\/doylelawfirm\/michael-p-doyle\/\">Mike Doyle<\/a> y <a href=\"\/doylelawfirm\/patrick-m-dennis\/\">Patrick Dennis<\/a>, manejaron varias formas de litigio internacional antes de la fundaci\u00f3n de nuestra firma.[\/vc_column_text][vc_column_text]Desde lesiones en campos petroleros en el Golfo de M\u00e9xico hasta lesiones graves en una amplia gama de circunstancias en todo el mundo, nuestra misi\u00f3n incluye asesorar a clientes potenciales con atenci\u00f3n y brindar asesor\u00eda legal que aborde las necesidades individuales a largo plazo. Para consultar a un abogado sobre un caso internacional de lesiones personales, llame o env\u00ede un <a href=\"\/doylelawfirm\/contact\/\">correo electr\u00f3nico<\/a> a nuestra firma.[\/vc_column_text][\/vc_column][\/vc_row]<\/p>\n","protected":false},"excerpt":{"rendered":"<p>[vc_row][vc_column width=&#8221;1\/4&#8243;][vc_wp_custommenu nav_menu=&#8221;99&#8243;][\/vc_column][vc_column width=&#8221;3\/4&#8243;][vc_column_text] ABOGADOS DE ESTADOS UNIDOS CON EXTENSIVA EXPERIENCIA JUR\u00cdDICA INTERNACIONAL [\/vc_column_text][vc_column_text]Entre las situaciones m\u00e1s intimidantes que una persona puede enfrentar es un evento catastr\u00f3fico que causa lesiones graves lejos de casa. Resolver opciones legales y encontrar un abogado de lesiones personales internacional confiable realmente enfocado en sus necesidades es lo suficientemente dif\u00edcil [&hellip;]<\/p>\n","protected":false},"author":1,"featured_media":0,"parent":0,"menu_order":0,"comment_status":"closed","ping_status":"closed","template":"","meta":{"footnotes":""},"class_list":["post-14408","page","type-page","status-publish","hentry"],"_links":{"self":[{"href":"https:\/\/doylelawfirm.com\/es\/wp-json\/wp\/v2\/pages\/14408","targetHints":{"allow":["GET"]}}],"collection":[{"href":"https:\/\/doylelawfirm.com\/es\/wp-json\/wp\/v2\/pages"}],"about":[{"href":"https:\/\/doylelawfirm.com\/es\/wp-json\/wp\/v2\/types\/page"}],"author":[{"embeddable":true,"href":"https:\/\/doylelawfirm.com\/es\/wp-json\/wp\/v2\/users\/1"}],"replies":[{"embeddable":true,"href":"https:\/\/doylelawfirm.com\/es\/wp-json\/wp\/v2\/comments?post=14408"}],"version-history":[{"count":0,"href":"https:\/\/doylelawfirm.com\/es\/wp-json\/wp\/v2\/pages\/14408\/revisions"}],"wp:attachment":[{"href":"https:\/\/doylelawfirm.com\/es\/wp-json\/wp\/v2\/media?parent=14408"}],"curies":[{"name":"wp","href":"https:\/\/api.w.org\/{rel}","templated":true}]}}