{"id":14405,"date":"2022-03-19T07:28:05","date_gmt":"2022-03-19T07:28:05","guid":{"rendered":"https:\/\/doylelawfirm.com\/reclamo-de-seguro-de-salud-vida-y-discapacidad\/"},"modified":"2022-05-11T07:00:49","modified_gmt":"2022-05-11T07:00:49","slug":"reclamo-de-seguro-de-salud-vida-y-discapacidad","status":"publish","type":"page","link":"https:\/\/doylelawfirm.com\/es\/reclamo-de-seguro-de-salud-vida-y-discapacidad\/","title":{"rendered":"RECLAMO DE SEGURO DE SALUD, VIDA Y DISCAPACIDAD"},"content":{"rendered":"<p>[vc_row][vc_column width=&#8221;1\/4&#8243;][vc_wp_custommenu nav_menu=&#8221;90&#8243;][\/vc_column][vc_column width=&#8221;3\/4&#8243;][vc_column_text]<\/p>\n<h2 style=\"text-align: center;\"><strong>RECLAMACIONES DE SEGURO BAJO UNA POL\u00cdTICA DE SALUD, VIDA O DISCAPACIDAD PERSONAL<\/strong><\/h2>\n<p>[\/vc_column_text][vc_column_text]Comprar su propia pol\u00edtica de salud, vida o discapacidad es una inversi\u00f3n sustancial. Desafortunadamente, muchas personas aseguradas bajo p\u00f3lizas privadas individuales tienen reclamos v\u00e1lidos para beneficios disputados por las compa\u00f1\u00edas de seguros. Nuestro abogado de reclamos de seguro de discapacidad en Doyle Dennis Avery LLP   puede ayudarlo con sus reclamos.[\/vc_column_text][vc_column_text]Si obtuvo su propia pol\u00edtica personal por su cuenta y sin pasar por su empleador, y si su reclamo no surge bajo Medicare, Medicaid, Seguridad Social u otra forma de beneficio gubernamental, a\u00fan espera que usted y su familia est\u00e9n protegidos en el evento ocurre lo inesperado. Sin embargo, a menudo, las compa\u00f1\u00edas de seguros niegan o retrasan los pagos, con la esperanza de que los reclamantes simplemente se rindan o se conformen por mucho menos de lo que tienen derecho.[\/vc_column_text][vc_column_text]Si su aseguradora ha negado injustamente los beneficios en la pol\u00edtica individual de salud, vida o discapacidad, usted o su familia pueden recuperar los beneficios perdidos, salarios perdidos, dolor y sufrimiento y otros da\u00f1os.[\/vc_column_text][vc_column_text]<\/p>\n<h3><strong>Tipos de reclamos de seguro de salud personal, vida o discapacidad<\/strong><\/h3>\n<p>[\/vc_column_text][vc_column_text]Hemos representado a familias y asegurados en muchos tipos de reclamos, que incluyen:[\/vc_column_text][vc_column_text]<\/p>\n<ul>\n<li>Negaci\u00f3n de reclamos de c\u00e1ncer<\/li>\n<li>Negarse a pagar costosas hospitalizaciones<\/li>\n<li>Negaciones de reclamos de salud catastr\u00f3ficos<\/li>\n<li>Rechazo de reclamos de seguro por discapacidad despu\u00e9s de una enfermedad o lesi\u00f3n que cambia la vida<\/li>\n<li>Negativa a honrar reclamos de seguro de vida<\/li>\n<\/ul>\n<p>[\/vc_column_text][vc_column_text]<\/p>\n<h3><strong>Hacer un reclamo de beneficios bajo una pol\u00edtica personal<\/strong><\/h3>\n<p>[\/vc_column_text][vc_column_text]Las compa\u00f1\u00edas de seguros deben tener una base razonable para negar un reclamo, pero a menudo no lo hacen. Si compr\u00f3 y mantuvo una p\u00f3liza de seguro de salud o discapacidad individual para usted o un miembro de su familia, o si es el beneficiario de una p\u00f3liza de seguro de vida que un ser querido compr\u00f3 individualmente, su compa\u00f1\u00eda de seguros tiene el deber de investigar su reclamo y No negar un reclamo v\u00e1lido.[\/vc_column_text][vc_column_text]<\/p>\n<h3><strong>Representaci\u00f3n de individuos en disputas de beneficios complejos<\/strong><\/h3>\n<p>[\/vc_column_text][vc_column_text]Si su reclamo v\u00e1lido de salud, vida o discapacidad ha sido disputado bajo su propia p\u00f3liza de seguro personal, comun\u00edquese hoy con nuestro abogado de reclamo de seguro de discapacidad en Doyle Dennis Avery LLP   Trial Lawyers para obtener una consulta gratuita sobre su reclamo.[\/vc_column_text][\/vc_column][\/vc_row]<\/p>\n","protected":false},"excerpt":{"rendered":"<p>[vc_row][vc_column width=&#8221;1\/4&#8243;][vc_wp_custommenu nav_menu=&#8221;90&#8243;][\/vc_column][vc_column width=&#8221;3\/4&#8243;][vc_column_text] RECLAMACIONES DE SEGURO BAJO UNA POL\u00cdTICA DE SALUD, VIDA O DISCAPACIDAD PERSONAL [\/vc_column_text][vc_column_text]Comprar su propia pol\u00edtica de salud, vida o discapacidad es una inversi\u00f3n sustancial. Desafortunadamente, muchas personas aseguradas bajo p\u00f3lizas privadas individuales tienen reclamos v\u00e1lidos para beneficios disputados por las compa\u00f1\u00edas de seguros. Nuestro abogado de reclamos de seguro de [&hellip;]<\/p>\n","protected":false},"author":1,"featured_media":0,"parent":0,"menu_order":0,"comment_status":"closed","ping_status":"closed","template":"","meta":{"footnotes":""},"class_list":["post-14405","page","type-page","status-publish","hentry"],"_links":{"self":[{"href":"https:\/\/doylelawfirm.com\/es\/wp-json\/wp\/v2\/pages\/14405","targetHints":{"allow":["GET"]}}],"collection":[{"href":"https:\/\/doylelawfirm.com\/es\/wp-json\/wp\/v2\/pages"}],"about":[{"href":"https:\/\/doylelawfirm.com\/es\/wp-json\/wp\/v2\/types\/page"}],"author":[{"embeddable":true,"href":"https:\/\/doylelawfirm.com\/es\/wp-json\/wp\/v2\/users\/1"}],"replies":[{"embeddable":true,"href":"https:\/\/doylelawfirm.com\/es\/wp-json\/wp\/v2\/comments?post=14405"}],"version-history":[{"count":0,"href":"https:\/\/doylelawfirm.com\/es\/wp-json\/wp\/v2\/pages\/14405\/revisions"}],"wp:attachment":[{"href":"https:\/\/doylelawfirm.com\/es\/wp-json\/wp\/v2\/media?parent=14405"}],"curies":[{"name":"wp","href":"https:\/\/api.w.org\/{rel}","templated":true}]}}