{"id":14393,"date":"2022-03-17T10:58:03","date_gmt":"2022-03-17T10:58:03","guid":{"rendered":"https:\/\/doylelawfirm.com\/disputas-de-seguros-de-huracanes\/"},"modified":"2022-05-11T06:56:38","modified_gmt":"2022-05-11T06:56:38","slug":"disputas-de-seguros-de-huracanes","status":"publish","type":"page","link":"https:\/\/doylelawfirm.com\/es\/disputas-de-seguros-de-huracanes\/","title":{"rendered":"DISPUTAS DE SEGUROS DE HURACANES"},"content":{"rendered":"<p>[vc_row][vc_column width=&#8221;1\/4&#8243;][vc_wp_custommenu nav_menu=&#8221;91&#8243;][\/vc_column][vc_column width=&#8221;3\/4&#8243;][vc_column_text]<\/p>\n<p style=\"font-weight: 400;\">Pocas firmas de abogados han experimentado los desaf\u00edos de buscar un reclamo de seguro contra huracanes de primera mano. Doyle Dennis Avery LLP   Abogados Litigantes ha pasado por esto y comprende los pasos necesarios para hacer un reclamo por da\u00f1os por huracanes. Despu\u00e9s del hurac\u00e1n Ike, nuestra oficina de Galveston, Texas, fue sumergida bajo ocho pies de agua y destruida.  <\/p>\n<p style=\"font-weight: 400;\">Hemos experimentado la devastaci\u00f3n que nuestros clientes han sufrido y podemos empatizar con la pura frustraci\u00f3n de tratar de hacer que una compa\u00f1\u00eda de seguros cumpla con su contrato y cumpla sus promesas. Sabemos c\u00f3mo enfrentar a las compa\u00f1\u00edas de seguros y nuestro equipo legal est\u00e1 aqu\u00ed para proteger el verdadero valor de su hogar o negocio. <\/p>\n<p>[\/vc_column_text][vc_column_text]<\/p>\n<h2 style=\"text-align: center;\"><strong>HURACANES DE ESTADOS UNIDOS 2005-2012<\/strong><\/h2>\n<p>[\/vc_column_text][vc_column_text]Los huracanes han impactado muchas partes de los Estados Unidos en los \u00faltimos a\u00f1os, incluyendo:[\/vc_column_text][vc_column_text]<\/p>\n<ul>\n<li dir=\"ltr\">Hurac\u00e1n Sandy en 2012 que afect\u00f3 a Connecticut, Delaware, Maine, Maryland, Massachusetts, New Hampshire, Nueva Jersey, Nueva York, Carolina del Norte, Pensilvania y Virginia<\/li>\n<li dir=\"ltr\">El hurac\u00e1n Isaac en 2012 que afect\u00f3 a Alabama, Louisiana y Mississippi<\/li>\n<li dir=\"ltr\">El hurac\u00e1n Irene en 2011 que afect\u00f3 a Nueva Jersey, Carolina del Norte y Virginia<\/li>\n<li dir=\"ltr\">El hurac\u00e1n Dolly en 2008 que afect\u00f3 al sur de Texas<\/li>\n<li dir=\"ltr\">Hurac\u00e1n Gustav en 2008 que afect\u00f3 a Louisiana<\/li>\n<li dir=\"ltr\">Hurac\u00e1n Ike en 2008 que afect\u00f3 a Florida, Texas, Louisiana y Arkansas<\/li>\n<li dir=\"ltr\">Hurac\u00e1n Humberto en 2007 que afect\u00f3 el norte de Texas y Louisiana<\/li>\n<li dir=\"ltr\">Hurac\u00e1n Wilma en 2005 y que afecta a Florida<\/li>\n<li dir=\"ltr\">Hurac\u00e1n Rita en 2005 y que afect\u00f3 a Arkansas, Florida, Luisiana, Mississippi y Texas<\/li>\n<li dir=\"ltr\">El hurac\u00e1n Katrina en 2005 que afect\u00f3 a Florida, Louisiana, Mississippi y Alabama<\/li>\n<\/ul>\n<p>[\/vc_column_text][vc_column_text]Todos estos huracanes causaron devastaci\u00f3n a los propietarios de viviendas y edificios, con muchos edificios completamente destruidos y otros da\u00f1ados y que necesitan reparaciones costosas. Desafortunadamente, aunque las personas que viven en las \u00e1reas afectadas generalmente tienen un seguro contra huracanes para protegerse contra este tipo de eventos, muchas compa\u00f1\u00edas de seguros no cumplen con sus promesas, evitando que las personas afectadas obtengan el dinero que necesitan para reparar sus propiedades. Un a<a href=\"https:\/\/doylelawfirm.com\/hurricane-damage-attorney\/\">bogado de da\u00f1os por huracanes<\/a> puede ayudar.[\/vc_column_text][vc_column_text]<\/p>\n<h2 dir=\"ltr\" style=\"text-align: center;\"><strong>TRABAJANDO INESTABLE PARA RECUPERAR TU VIDA<\/strong><\/h2>\n<p>[\/vc_column_text][vc_column_text]En Doyle Dennis Avery LLP   Abogados Litigantes hemos representado a cientos de familias y empresas que buscan reclamos por da\u00f1os causados \u200b\u200bpor huracanes en todo Estados Unidos. Buscamos una compensaci\u00f3n justa por:[\/vc_column_text][vc_column_text]<\/p>\n<ul>\n<li dir=\"ltr\">Familias con &#8220;reclamos de losas&#8221; que involucran la destrucci\u00f3n total de sus hogares y negocios<\/li>\n<li dir=\"ltr\">Propietarios de viviendas cuyas viviendas fueron da\u00f1adas significativamente por los vientos huracanados<\/li>\n<li dir=\"ltr\">Empresas con reclamos de seguro v\u00e1lidos por da\u00f1os causados \u200b\u200bpor huracanes e interrupci\u00f3n comercial<\/li>\n<\/ul>\n<p>[\/vc_column_text][vc_column_text]En todos los casos, la compa\u00f1\u00eda de seguros tiene los llamados expertos que luchan por pagarle lo menos posible. Las compa\u00f1\u00edas de seguros pueden retrasar, infravalorar su propiedad o incluso negar reclamos leg\u00edtimos. Todo esto le impide recuperar su vida.[\/vc_column_text][vc_column_text]Nuestros abogados trabajan para resolver reclamos de manera r\u00e1pida, justa y efectiva. Luchamos para que obtenga el pago del seguro que se merece para que pueda reconstruir.[\/vc_column_text][vc_column_text]<\/p>\n<h2 dir=\"ltr\" style=\"text-align: center;\"><strong>AYUDANDO A LOS POL\u00cdTICOS A TRAV\u00c9S DE LOS ESTADOS UNIDOS OBTENER UNA COMPENSACI\u00d3N JUSTA DESPU\u00c9S DE UN HURAC\u00c1N<\/strong><\/h2>\n<p>[\/vc_column_text][vc_column_text]Luchar por la equidad contra las compa\u00f1\u00edas de seguros como Farmers, Allstate, Nationwide, USAA, Lloyds, State Farm y muchas otras, es mucho m\u00e1s que dirigir un comercial de televisi\u00f3n.[\/vc_column_text][vc_column_text]Mientras que otras firmas de abogados se jactan de enfrentarse a la industria de seguros, Doyle Dennis Avery LLP   Trial Lawyers es la primera y \u00fanica firma desde el hurac\u00e1n Ike en ir a juicio contra una compa\u00f1\u00eda de seguros en Galveston, Texas, contra una compa\u00f1\u00eda de seguros por cometer mala fe. De hecho, nuestros abogados de reclamos por da\u00f1os causados \u200b\u200bpor huracanes han llevado a juicio seis casos de mala fe de seguros y han ganado en los \u00faltimos a\u00f1os. Podemos poner esa experiencia a trabajar para ayudar a las v\u00edctimas de huracanes en todo Estados Unidos.[\/vc_column_text][vc_column_text]<\/p>\n<h2 dir=\"ltr\" style=\"text-align: center;\"><strong>VUELVA A NUESTRA FIRMA PARA OBTENER INFORMACI\u00d3N, ASESORAMIENTO Y ACCI\u00d3N S\u00d3LIDOS<\/strong><\/h2>\n<p>[\/vc_column_text][vc_column_text]<a href=\"\/doylelawfirm\/contact\/\">Cont\u00e1ctenos sobre<\/a> su disputa de seguro contra huracanes. Entraremos en acci\u00f3n, evaluaremos su situaci\u00f3n y le diremos c\u00f3mo podemos ayudarlo. La consulta es gratuita. Llama al (888) 571-1001[\/vc_column_text][\/vc_column][\/vc_row]<\/p>\n","protected":false},"excerpt":{"rendered":"<p>[vc_row][vc_column width=&#8221;1\/4&#8243;][vc_wp_custommenu nav_menu=&#8221;91&#8243;][\/vc_column][vc_column width=&#8221;3\/4&#8243;][vc_column_text] Pocas firmas de abogados han experimentado los desaf\u00edos de buscar un reclamo de seguro contra huracanes de primera mano. Doyle Dennis Avery LLP Abogados Litigantes ha pasado por esto y comprende los pasos necesarios para hacer un reclamo por da\u00f1os por huracanes. Despu\u00e9s del hurac\u00e1n Ike, nuestra oficina de Galveston, Texas, [&hellip;]<\/p>\n","protected":false},"author":1,"featured_media":0,"parent":0,"menu_order":0,"comment_status":"closed","ping_status":"closed","template":"","meta":{"footnotes":""},"class_list":["post-14393","page","type-page","status-publish","hentry"],"_links":{"self":[{"href":"https:\/\/doylelawfirm.com\/es\/wp-json\/wp\/v2\/pages\/14393","targetHints":{"allow":["GET"]}}],"collection":[{"href":"https:\/\/doylelawfirm.com\/es\/wp-json\/wp\/v2\/pages"}],"about":[{"href":"https:\/\/doylelawfirm.com\/es\/wp-json\/wp\/v2\/types\/page"}],"author":[{"embeddable":true,"href":"https:\/\/doylelawfirm.com\/es\/wp-json\/wp\/v2\/users\/1"}],"replies":[{"embeddable":true,"href":"https:\/\/doylelawfirm.com\/es\/wp-json\/wp\/v2\/comments?post=14393"}],"version-history":[{"count":0,"href":"https:\/\/doylelawfirm.com\/es\/wp-json\/wp\/v2\/pages\/14393\/revisions"}],"wp:attachment":[{"href":"https:\/\/doylelawfirm.com\/es\/wp-json\/wp\/v2\/media?parent=14393"}],"curies":[{"name":"wp","href":"https:\/\/api.w.org\/{rel}","templated":true}]}}