{"id":14384,"date":"2022-03-17T11:02:21","date_gmt":"2022-03-17T11:02:21","guid":{"rendered":"https:\/\/doylelawfirm.com\/helping-windstorm-victims-get-just-compensation\/"},"modified":"2022-05-11T06:44:19","modified_gmt":"2022-05-11T06:44:19","slug":"helping-windstorm-victims-get-just-compensation","status":"publish","type":"page","link":"https:\/\/doylelawfirm.com\/es\/helping-windstorm-victims-get-just-compensation\/","title":{"rendered":"AYUDANDO A LAS V\u00cdCTIMAS DE WINDSTORM A OBTENER SOLO COMPENSACI\u00d3N"},"content":{"rendered":"<p>[vc_row][vc_column width=&#8221;1\/4&#8243;][vc_wp_custommenu nav_menu=&#8221;91&#8243;][\/vc_column][vc_column width=&#8221;3\/4&#8243;][vc_column_text]<\/p>\n<h2 style=\"text-align: center;\"><strong>ABOGADO DE DA\u00d1OS POR TORMENTA E\u00d3LICA EN LA COSTA DEL GOLFO S<\/strong><\/h2>\n<p>[\/vc_column_text][vc_column_text]ABOGADO DE DA\u00d1OS POR TORMENTA E\u00d3LICA EN LA COSTA DEL GOLFO Su hogar o lugar de negocios bien puede ser su mayor inversi\u00f3n, y una p\u00e9rdid a total que justifique un &#8220;reclamo de losa&#8221; u otra consecuencia catastr\u00f3fica de una tormenta de viento puede justificar un reclamo de seguro muy considerable por los costos de reparaci\u00f3n o reconstrucci\u00f3n. Sin embargo, las aseguradoras con fines de lucro ti enen muchas estrategias para negar, retrasar y &#8220;disparar&#8221; tales reclamos de alto valor. En esas situaciones, las empresas comerciales y los propietarios de viviendas necesitan la asistencia de un abogado especializado en da\u00f1os por tormentas de viento. Nu[\/vc_column_text][vc_column_text]Nue stros abogados han tomado medidas para abordar muchas violaciones graves de la confianza del cliente y la ley de seguros, como:[\/vc_column_text][vc_column_text]<\/p>\n<ul>\n<li>No investigar y evaluar el da\u00f1o del <a href=\"\/doylelawfirm\/hurricane-insurance-disputes\/hurricane-ike-claims\/\">hurac\u00e1n Ike<\/a>de manera r\u00e1pida y completa<\/li>\n<li>Contrataci\u00f3n de ajustadores pagados, sesgados, ingenieros y otros que est\u00e1n motivados para subestimar los da\u00f1os a la propiedad o enfocarse en causas potenciales diferentes a la tormenta de viento<\/li>\n<li>Obviamente, hacer ofertas de liquidaci\u00f3n de baja bola o pagos que no pueden aproximarse al costo de reparar o reconstruir una casa da\u00f1ada por la tormenta de viento<\/li>\n<\/ul>\n<p>[\/vc_column_text][vc_column_text]<\/p>\n<h3><strong>Hacer que las aseguradoras rindan cuentas de sus obligaciones, lo que sea necesario<\/strong><\/h3>\n<p>[\/vc_column_text][vc_column_text]En Doyle Dennis Avery LLP   Trial Lawyers en Houston, estamos preparados para tomar medidas decisivas contra compa\u00f1\u00edas como Texas Windstorm Insurance Association o &#8220;TWIA&#8221;, una organizaci\u00f3n conocida por negar y pagar de menos los reclamos v\u00e1lidos de seguro <a href=\"https:\/\/doylelawfirm.com\/es\/disputas-de-seguros-de-huracanes\/\">contra huracanes<\/a>. Nuestro enfoque puede incluir:[\/vc_column_text][vc_column_text]<\/p>\n<ul>\n<li><strong>Enviar ingenieros independientes, contratistas y otros expertos<\/strong> para encontrar y presentar evidencia clara y espec\u00edfica de que su p\u00e9rdida fue causada por el hurac\u00e1n u otra tormenta de viento.<\/li>\n<li><strong>Rechazar de manera decisiva las excusas dadas por una denegaci\u00f3n de reclamo o una oferta de liquidaci\u00f3n inadecuada, como las acusaciones de que no pudo mantener el techo o los cimientos correctamente<\/strong><\/li>\n<li><strong>Asegurarse de que cualquier valoraci\u00f3n de su hogar en un caso de reclamo por p\u00e9rdida total \/ losa sea justa y precisa<\/strong><\/li>\n<\/ul>\n<p>[\/vc_column_text][vc_column_text]<\/p>\n<h3><strong>Orientaci\u00f3n justa, justa compensaci\u00f3n por todos los da\u00f1os sufridos por las v\u00edctimas de la tormenta de viento<\/strong><\/h3>\n<p>[\/vc_column_text][vc_column_text]En muchos casos, las compa\u00f1\u00edas de seguros contra tormentas de viento y propietarios van m\u00e1s all\u00e1 de violar un contrato cuando niegan su reclamo v\u00e1lido. Las negaciones injustas, los retrasos extremos y las subvaloraciones importantes pueden <a href=\"\/doylelawfirm\/insurance-bad-faith\/\">constituir una mala fe del seguro<\/a>, lo que permite la recuperaci\u00f3n de otros da\u00f1os que sufri\u00f3 debido a esa conducta comercial ilegal.[\/vc_column_text][vc_column_text]Si est\u00e1 buscando un abogado de disputas de reclamos de Texas Windstorm con un historial de \u00e9xito, <a href=\"doylelawfirm\/contact\/\">cont\u00e1ctenos hoy<\/a>. Nuestra oficina de Galveston experiment\u00f3 da\u00f1os materiales importantes por el hurac\u00e1n Ike de primera mano, y estamos comprometidos a buscar justicia para los propietarios de viviendas y otros due\u00f1os de negocios v\u00edctimas de da\u00f1os causados \u200b\u200bpor tormentas de viento en cualquier lugar de Texas, incluidos aquellos en o cerca de las ciudades de Galveston, Texas City, Baytown, Pasadena y Port Arthur[\/vc_column_text][\/vc_column][\/vc_row]<\/p>\n","protected":false},"excerpt":{"rendered":"<p>[vc_row][vc_column width=&#8221;1\/4&#8243;][vc_wp_custommenu nav_menu=&#8221;91&#8243;][\/vc_column][vc_column width=&#8221;3\/4&#8243;][vc_column_text] ABOGADO DE DA\u00d1OS POR TORMENTA E\u00d3LICA EN LA COSTA DEL GOLFO S [\/vc_column_text][vc_column_text]ABOGADO DE DA\u00d1OS POR TORMENTA E\u00d3LICA EN LA COSTA DEL GOLFO Su hogar o lugar de negocios bien puede ser su mayor inversi\u00f3n, y una p\u00e9rdid a total que justifique un &#8220;reclamo de losa&#8221; u otra consecuencia catastr\u00f3fica de [&hellip;]<\/p>\n","protected":false},"author":1,"featured_media":0,"parent":0,"menu_order":0,"comment_status":"closed","ping_status":"closed","template":"","meta":{"footnotes":""},"class_list":["post-14384","page","type-page","status-publish","hentry"],"_links":{"self":[{"href":"https:\/\/doylelawfirm.com\/es\/wp-json\/wp\/v2\/pages\/14384","targetHints":{"allow":["GET"]}}],"collection":[{"href":"https:\/\/doylelawfirm.com\/es\/wp-json\/wp\/v2\/pages"}],"about":[{"href":"https:\/\/doylelawfirm.com\/es\/wp-json\/wp\/v2\/types\/page"}],"author":[{"embeddable":true,"href":"https:\/\/doylelawfirm.com\/es\/wp-json\/wp\/v2\/users\/1"}],"replies":[{"embeddable":true,"href":"https:\/\/doylelawfirm.com\/es\/wp-json\/wp\/v2\/comments?post=14384"}],"version-history":[{"count":0,"href":"https:\/\/doylelawfirm.com\/es\/wp-json\/wp\/v2\/pages\/14384\/revisions"}],"wp:attachment":[{"href":"https:\/\/doylelawfirm.com\/es\/wp-json\/wp\/v2\/media?parent=14384"}],"curies":[{"name":"wp","href":"https:\/\/api.w.org\/{rel}","templated":true}]}}