{"id":14366,"date":"2014-07-21T10:58:05","date_gmt":"2014-07-21T10:58:05","guid":{"rendered":"https:\/\/doylelawfirm.com\/contact-us\/"},"modified":"2022-05-13T03:52:56","modified_gmt":"2022-05-13T03:52:56","slug":"contact-us","status":"publish","type":"page","link":"https:\/\/doylelawfirm.com\/es\/contact-us\/","title":{"rendered":"contacto"},"content":{"rendered":"<p>[vc_row css=&#8221;.vc_custom_1647348505095{padding-bottom: 40px !important;}&#8221;][vc_column][vc_column_text]<\/p>\n<h2 style=\"text-align: center;\">CONSULTE UNA CONSULATA GRATUITA<\/h2>\n<p>[\/vc_column_text][vc_column_text]<\/p>\n<h3><strong>ESTAMOS AQUI PARA AYUDAR.<\/strong><\/h3>\n<p>[\/vc_column_text][vc_column_text]<\/p>\n<h3 style=\"text-align: left;\"><strong>ABSOLUTAMENTE SIN COSTO A MENOS QUE GANEMOS.<\/strong><\/h3>\n<p>[\/vc_column_text][vc_row_inner][vc_column_inner width=&#8221;1\/2&#8243;][vc_column_text]<\/p>\n<p style=\"text-align: justify;\">Nuestros abogados est\u00e1n preparados para analizar seriamente su reclamo y su posible caso. La nuestra es una de las pocas firmas de abogados selectas de Texas con amplia experiencia en litigios internacionales, y tenemos claras fortalezas en lesiones personales, mar\u00edtimas, mala fe de seguros, disputas de seguros de propiedad, da\u00f1os por huracanes y otros reclamos contra entidades poderosas. <\/p>\n<p>[\/vc_column_text][\/vc_column_inner][vc_column_inner width=&#8221;1\/2&#8243;][vc_column_text]<\/p>\n<p style=\"text-align: justify;\">Si est\u00e1 interesado en hablar con un abogado de Doyle Dennis Avery LLP   Abogados Litigantes, complete el formulario de contacto o llame a uno de los n\u00fameros enumerados para una consulta gratuita y sin compromiso.<\/p>\n<p>[\/vc_column_text][\/vc_column_inner][\/vc_row_inner][\/vc_column][\/vc_row][vc_row css=&#8221;.vc_custom_1647348462845{padding-top: 0px !important;padding-bottom: 40px !important;}&#8221;][vc_column width=&#8221;2\/3&#8243;][vc_custom_heading text=&#8221;\u00bfCOMO PODEMOS AYUDARTE?&#8221; font_container=&#8221;tag:h3|text_align:left&#8221; use_theme_fonts=&#8221;yes&#8221;][vc_column_text]LLENE EL FORMULARIO A CONTINUACI\u00d3N PARA UNA REVISI\u00d3N SIN OBLIGACI\u00d3N DE SU CASO[\/vc_column_text][vc_row_inner][vc_column_inner][vc_raw_html]W2NvbnRhY3QtZm9ybS03IGlkPSI5IiB0aXRsZT0iQ29udGFjdCBmb3JtIDEiXQ==[\/vc_raw_html][vc_column_text]<\/p>\n<p style=\"text-align: left;\"><em>Please note that submitting this contact form does not result in the creation of an attorney-client relationship.<\/em><\/p>\n<p>[\/vc_column_text][\/vc_column_inner][\/vc_row_inner][\/vc_column][vc_column width=&#8221;1\/3&#8243;][vc_custom_heading text=&#8221;Nuestras ubicaciones.&#8221; font_container=&#8221;tag:h3|text_align:left&#8221; use_theme_fonts=&#8221;yes&#8221;][vc_column_text]Cont\u00e1ctenos ![\/vc_column_text][vc_tta_tabs spacing=&#8221;2&#8243; active_section=&#8221;1&#8243;][vc_tta_section title=&#8221;houston&#8221; tab_id=&#8221;1456563326207-129a5d54-c003&#8243;]<div class=\"tm-sbox tm-sbox-iconalign-left none     \">[vc_cta h2=\"24\/7 PHONE:\"  h2_google_fonts=\"font_family:Arimo%3Aregular%2Citalic%2C700%2C700italic|font_style:700%20bold%20regular%3A700%3Anormal\"  h4=\"713.571.1146\"  h4_google_fonts=\"font_family:Lato%3A100%2C100italic%2C300%2C300italic%2Cregular%2Citalic%2C700%2C700italic%2C900%2C900italic|font_style:300%20light%20regular%3A300%3Anormal\"  txt_align=\"left\"  heading_sep=\"no\"  shape=\"none\"  style=\"transparent\"  color=\"grey\"  btn_title=\"Read More\"  btn_style=\"text\"  btn_gradient_color_1=\"turquoise\"  btn_gradient_color_2=\"blue\"  btn_custom_background=\"#ededed\"  btn_custom_text=\"#666\"  btn_outline_custom_color=\"#666\"  btn_outline_custom_hover_background=\"#666\"  btn_outline_custom_hover_text=\"#fff\"  btn_color=\"skincolor\"  btn_size=\"md\"  add_icon=\"left\"  hover=\"none\"  main_icon_type=\"icon\"  i_type=\"linecons\"  i_icon_fontawesome=\"fa fa-thumbs-o-up\"  i_icon_openiconic=\"vc-oi vc-oi-dial\"  i_icon_typicons=\"typcn typcn-adjust-brightness\"  i_icon_entypo=\"entypo-icon entypo-icon-note\"  i_icon_linecons=\"vc_li vc_li-phone\"  i_color=\"white\"  i_background_style=\"rounded-less\"  i_background_color=\"skincolor\"  i_size=\"md\"  icon_type=\"icon\"  btn_align=\"left\"  i_css_animation=\"\" css_animation=\"\"][\/vc_cta]<\/div><div class=\"tm-sbox tm-sbox-iconalign-left none     \">[vc_cta h2=\"FAX :\"  h2_google_fonts=\"font_family:Arimo%3Aregular%2Citalic%2C700%2C700italic|font_style:700%20bold%20regular%3A700%3Anormal\"  h4=\"713.571.1148\"  h4_google_fonts=\"font_family:Lato%3A100%2C100italic%2C300%2C300italic%2Cregular%2Citalic%2C700%2C700italic%2C900%2C900italic|font_style:300%20light%20regular%3A300%3Anormal\"  txt_align=\"left\"  heading_sep=\"no\"  shape=\"none\"  style=\"transparent\"  color=\"grey\"  btn_title=\"Read More\"  btn_style=\"text\"  btn_gradient_color_1=\"turquoise\"  btn_gradient_color_2=\"blue\"  btn_custom_background=\"#ededed\"  btn_custom_text=\"#666\"  btn_outline_custom_color=\"#666\"  btn_outline_custom_hover_background=\"#666\"  btn_outline_custom_hover_text=\"#fff\"  btn_color=\"skincolor\"  btn_size=\"md\"  add_icon=\"left\"  hover=\"none\"  main_icon_type=\"icon\"  i_type=\"linecons\"  i_icon_fontawesome=\"fa fa-thumbs-o-up\"  i_icon_openiconic=\"vc-oi vc-oi-dial\"  i_icon_typicons=\"typcn typcn-adjust-brightness\"  i_icon_entypo=\"entypo-icon entypo-icon-note\"  i_icon_linecons=\"vc_li vc_li-stack\"  i_color=\"white\"  i_background_style=\"rounded-less\"  i_background_color=\"skincolor\"  i_size=\"md\"  icon_type=\"icon\"  btn_align=\"left\"  i_css_animation=\"\" css_animation=\"\"][\/vc_cta]<\/div><div class=\"tm-sbox tm-sbox-iconalign-left none     \">[vc_cta h2=\"ADDRESS:\"  h2_google_fonts=\"font_family:Arimo%3Aregular%2Citalic%2C700%2C700italic|font_style:700%20bold%20regular%3A700%3Anormal\"  h4=\"3401 Allen Parkway, Suite 100 The Clocktower Building Houston, Texas 77019\"  h4_google_fonts=\"font_family:Lato%3A100%2C100italic%2C300%2C300italic%2Cregular%2Citalic%2C700%2C700italic%2C900%2C900italic|font_style:300%20light%20regular%3A300%3Anormal\"  txt_align=\"left\"  heading_sep=\"no\"  shape=\"none\"  style=\"transparent\"  color=\"grey\"  btn_title=\"Read More\"  btn_style=\"text\"  btn_gradient_color_1=\"turquoise\"  btn_gradient_color_2=\"blue\"  btn_custom_background=\"#ededed\"  btn_custom_text=\"#666\"  btn_outline_custom_color=\"#666\"  btn_outline_custom_hover_background=\"#666\"  btn_outline_custom_hover_text=\"#fff\"  btn_color=\"skincolor\"  btn_size=\"md\"  add_icon=\"left\"  hover=\"none\"  main_icon_type=\"icon\"  i_type=\"linecons\"  i_icon_fontawesome=\"fa fa-thumbs-o-up\"  i_icon_openiconic=\"vc-oi vc-oi-dial\"  i_icon_typicons=\"typcn typcn-adjust-brightness\"  i_icon_entypo=\"entypo-icon entypo-icon-note\"  i_icon_linecons=\"vc_li vc_li-location\"  i_color=\"white\"  i_background_style=\"rounded-less\"  i_background_color=\"skincolor\"  i_size=\"md\"  icon_type=\"icon\"  btn_align=\"left\"  i_css_animation=\"\" css_animation=\"\"][\/vc_cta]<\/div><div class=\"tm-sbox tm-sbox-iconalign-left none     \">[vc_cta h2=\"EMAIL:\"  h2_google_fonts=\"font_family:Arimo%3Aregular%2Citalic%2C700%2C700italic|font_style:700%20bold%20regular%3A700%3Anormal\"  h4=\"contact@doylelawfirm.com\"  h4_google_fonts=\"font_family:Lato%3A100%2C100italic%2C300%2C300italic%2Cregular%2Citalic%2C700%2C700italic%2C900%2C900italic|font_style:300%20light%20regular%3A300%3Anormal\"  txt_align=\"left\"  heading_sep=\"no\"  shape=\"none\"  style=\"transparent\"  color=\"grey\"  btn_title=\"Read More\"  btn_style=\"text\"  btn_gradient_color_1=\"turquoise\"  btn_gradient_color_2=\"blue\"  btn_custom_background=\"#ededed\"  btn_custom_text=\"#666\"  btn_outline_custom_color=\"#666\"  btn_outline_custom_hover_background=\"#666\"  btn_outline_custom_hover_text=\"#fff\"  btn_color=\"skincolor\"  btn_size=\"md\"  add_icon=\"left\"  hover=\"none\"  main_icon_type=\"icon\"  i_type=\"linecons\"  i_icon_fontawesome=\"fa fa-thumbs-o-up\"  i_icon_openiconic=\"vc-oi vc-oi-dial\"  i_icon_typicons=\"typcn typcn-adjust-brightness\"  i_icon_entypo=\"entypo-icon entypo-icon-note\"  i_icon_linecons=\"vc_li vc_li-mail\"  i_color=\"white\"  i_background_style=\"rounded-less\"  i_background_color=\"skincolor\"  i_size=\"md\"  icon_type=\"icon\"  btn_align=\"left\"  i_css_animation=\"\" css_animation=\"\"][\/vc_cta]<\/div>[vc_column_text css=&#8221;.vc_custom_1647349498779{margin-bottom: 0px !important;}&#8221;]<\/p>\n<h3>Galveston<\/h3>\n<p>[\/vc_column_text][vc_column_text css=&#8221;.vc_custom_1647349583654{margin-bottom: 0px !important;}&#8221;]Tel\u00e9fono: 409.877.4545<br \/>\n<a class=\"email_firm\" href=\"mailto:contact@doylelawfirm.com\">Env\u00ede un correo electr\u00f3nico a nuestra firma<\/a>[\/vc_column_text][\/vc_tta_section][vc_tta_section title=&#8221;F\u00e9nix&#8221; tab_id=&#8221;1456567113938-ecc6b0d6-06ae&#8221;]<div class=\"tm-sbox tm-sbox-iconalign-left none     \">[vc_cta h2=\"24\/7 PHONE:\"  h2_google_fonts=\"font_family:Arimo%3Aregular%2Citalic%2C700%2C700italic|font_style:700%20bold%20regular%3A700%3Anormal\"  h4=\"480.447.2494\"  h4_google_fonts=\"font_family:Lato%3A100%2C100italic%2C300%2C300italic%2Cregular%2Citalic%2C700%2C700italic%2C900%2C900italic|font_style:300%20light%20regular%3A300%3Anormal\"  txt_align=\"left\"  heading_sep=\"no\"  shape=\"none\"  style=\"transparent\"  color=\"grey\"  btn_title=\"Read More\"  btn_style=\"text\"  btn_gradient_color_1=\"turquoise\"  btn_gradient_color_2=\"blue\"  btn_custom_background=\"#ededed\"  btn_custom_text=\"#666\"  btn_outline_custom_color=\"#666\"  btn_outline_custom_hover_background=\"#666\"  btn_outline_custom_hover_text=\"#fff\"  btn_color=\"skincolor\"  btn_size=\"md\"  add_icon=\"left\"  hover=\"none\"  main_icon_type=\"icon\"  i_type=\"linecons\"  i_icon_fontawesome=\"fa fa-thumbs-o-up\"  i_icon_openiconic=\"vc-oi vc-oi-dial\"  i_icon_typicons=\"typcn typcn-adjust-brightness\"  i_icon_entypo=\"entypo-icon entypo-icon-note\"  i_icon_linecons=\"vc_li vc_li-phone\"  i_color=\"white\"  i_background_style=\"rounded-less\"  i_background_color=\"skincolor\"  i_size=\"md\"  icon_type=\"icon\"  btn_align=\"left\"  i_css_animation=\"\" css_animation=\"\"][\/vc_cta]<\/div><div class=\"tm-sbox tm-sbox-iconalign-left none     \">[vc_cta h2=\"FAX :\"  h2_google_fonts=\"font_family:Arimo%3Aregular%2Citalic%2C700%2C700italic|font_style:700%20bold%20regular%3A700%3Anormal\"  h4=\"480.685.5005\"  h4_google_fonts=\"font_family:Lato%3A100%2C100italic%2C300%2C300italic%2Cregular%2Citalic%2C700%2C700italic%2C900%2C900italic|font_style:300%20light%20regular%3A300%3Anormal\"  txt_align=\"left\"  heading_sep=\"no\"  shape=\"none\"  style=\"transparent\"  color=\"grey\"  btn_title=\"Read More\"  btn_style=\"text\"  btn_gradient_color_1=\"turquoise\"  btn_gradient_color_2=\"blue\"  btn_custom_background=\"#ededed\"  btn_custom_text=\"#666\"  btn_outline_custom_color=\"#666\"  btn_outline_custom_hover_background=\"#666\"  btn_outline_custom_hover_text=\"#fff\"  btn_color=\"skincolor\"  btn_size=\"md\"  add_icon=\"left\"  hover=\"none\"  main_icon_type=\"icon\"  i_type=\"linecons\"  i_icon_fontawesome=\"fa fa-thumbs-o-up\"  i_icon_openiconic=\"vc-oi vc-oi-dial\"  i_icon_typicons=\"typcn typcn-adjust-brightness\"  i_icon_entypo=\"entypo-icon entypo-icon-note\"  i_icon_linecons=\"vc_li vc_li-stack\"  i_color=\"white\"  i_background_style=\"rounded-less\"  i_background_color=\"skincolor\"  i_size=\"md\"  icon_type=\"icon\"  btn_align=\"left\"  i_css_animation=\"\" css_animation=\"\"][\/vc_cta]<\/div><div class=\"tm-sbox tm-sbox-iconalign-left none     \">[vc_cta h2=\"ADDRESS:\"  h2_google_fonts=\"font_family:Arimo%3Aregular%2Citalic%2C700%2C700italic|font_style:700%20bold%20regular%3A700%3Anormal\"  h4=\"6540 N 7Th Ave, #46 Phoenix, AZ 85016\"  h4_google_fonts=\"font_family:Lato%3A100%2C100italic%2C300%2C300italic%2Cregular%2Citalic%2C700%2C700italic%2C900%2C900italic|font_style:300%20light%20regular%3A300%3Anormal\"  txt_align=\"left\"  heading_sep=\"no\"  shape=\"none\"  style=\"transparent\"  color=\"grey\"  btn_title=\"Read More\"  btn_style=\"text\"  btn_gradient_color_1=\"turquoise\"  btn_gradient_color_2=\"blue\"  btn_custom_background=\"#ededed\"  btn_custom_text=\"#666\"  btn_outline_custom_color=\"#666\"  btn_outline_custom_hover_background=\"#666\"  btn_outline_custom_hover_text=\"#fff\"  btn_color=\"skincolor\"  btn_size=\"md\"  add_icon=\"left\"  hover=\"none\"  main_icon_type=\"icon\"  i_type=\"linecons\"  i_icon_fontawesome=\"fa fa-thumbs-o-up\"  i_icon_openiconic=\"vc-oi vc-oi-dial\"  i_icon_typicons=\"typcn typcn-adjust-brightness\"  i_icon_entypo=\"entypo-icon entypo-icon-note\"  i_icon_linecons=\"vc_li vc_li-location\"  i_color=\"white\"  i_background_style=\"rounded-less\"  i_background_color=\"skincolor\"  i_size=\"md\"  icon_type=\"icon\"  btn_align=\"left\"  i_css_animation=\"\" css_animation=\"\"][\/vc_cta]<\/div><div class=\"tm-sbox tm-sbox-iconalign-left none     \">[vc_cta h2=\"EMAIL:\"  h2_google_fonts=\"font_family:Arimo%3Aregular%2Citalic%2C700%2C700italic|font_style:700%20bold%20regular%3A700%3Anormal\"  h4=\"doylelawfirm.com\"  h4_google_fonts=\"font_family:Lato%3A100%2C100italic%2C300%2C300italic%2Cregular%2Citalic%2C700%2C700italic%2C900%2C900italic|font_style:300%20light%20regular%3A300%3Anormal\"  txt_align=\"left\"  heading_sep=\"no\"  shape=\"none\"  style=\"transparent\"  color=\"grey\"  btn_title=\"Read More\"  btn_style=\"text\"  btn_gradient_color_1=\"turquoise\"  btn_gradient_color_2=\"blue\"  btn_custom_background=\"#ededed\"  btn_custom_text=\"#666\"  btn_outline_custom_color=\"#666\"  btn_outline_custom_hover_background=\"#666\"  btn_outline_custom_hover_text=\"#fff\"  btn_color=\"skincolor\"  btn_size=\"md\"  add_icon=\"left\"  hover=\"none\"  main_icon_type=\"icon\"  i_type=\"linecons\"  i_icon_fontawesome=\"fa fa-thumbs-o-up\"  i_icon_openiconic=\"vc-oi vc-oi-dial\"  i_icon_typicons=\"typcn typcn-adjust-brightness\"  i_icon_entypo=\"entypo-icon entypo-icon-note\"  i_icon_linecons=\"vc_li vc_li-mail\"  i_color=\"white\"  i_background_style=\"rounded-less\"  i_background_color=\"skincolor\"  i_size=\"md\"  icon_type=\"icon\"  btn_align=\"left\"  i_css_animation=\"\" css_animation=\"\"][\/vc_cta]<\/div>[vc_column_text css=&#8221;.vc_custom_1647349522959{margin-bottom: 0px !important;}&#8221;]<\/p>\n<h3>En el Reino Unido:<\/h3>\n<p>[\/vc_column_text][vc_column_text css=&#8221;.vc_custom_1647349550031{margin-bottom: 0px !important;}&#8221;]Tel\u00e9fono: 033.0001.0126<br \/>\n<a href=\"mailto:contact@doylelawfirm.com\">Env\u00ede un correo electr\u00f3nico a nuestra firma<\/a>[\/vc_column_text][\/vc_tta_section][\/vc_tta_tabs][\/vc_column][\/vc_row][vc_row css=&#8221;.vc_custom_1458134777218{padding-top: 0px !important;padding-bottom: 40px !important;}&#8221;][vc_column][vc_gmaps link=&#8221;#E-8_JTNDaWZyYW1lJTIwc3JjJTNEJTIyaHR0cHMlM0ElMkYlMkZ3d3cuZ29vZ2xlLmNvbSUyRm1hcHMlMkZlbWJlZCUzRnBiJTNEJTIxMW0xNCUyMTFtOCUyMTFtMyUyMTFkMTM4NTQuNTE0NzY2Mjk4OTQyJTIxMmQtOTUuNDAxNTE3NCUyMTNkMjkuNzU5NDU3NSUyMTNtMiUyMTFpMTAyNCUyMTJpNzY4JTIxNGYxMy4xJTIxM20zJTIxMW0yJTIxMXMweDAlMjUzQTB4YjlkOGM3MTA4MTEyZDFlMCUyMTJzRG95bGUlMjUyMERlbm5pcyUyNTIwTExQJTI1MjBUcmlhbCUyNTIwTGF3eWVycyUyMTVlMCUyMTNtMiUyMTFzZW4lMjEyc2luJTIxNHYxNjQ4MTI4MzYyMDQyJTIxNW0yJTIxMXNlbiUyMTJzaW4lMjIlMjB3aWR0aCUzRCUyMjEwMCUyNSUyMiUyMGhlaWdodCUzRCUyMjM4MCUyMiUyMHN0eWxlJTNEJTIyYm9yZGVyJTNBMCUzQiUyMiUyMGFsbG93ZnVsbHNjcmVlbiUzRCUyMiUyMiUyMGxvYWRpbmclM0QlMjJsYXp5JTIyJTNFJTNDJTJGaWZyYW1lJTNF&#8221;][\/vc_column][\/vc_row]<\/p>\n","protected":false},"excerpt":{"rendered":"<p>[vc_row css=&#8221;.vc_custom_1647348505095{padding-bottom: 40px !important;}&#8221;][vc_column][vc_column_text] CONSULTE UNA CONSULATA GRATUITA [\/vc_column_text][vc_column_text] ESTAMOS AQUI PARA AYUDAR. [\/vc_column_text][vc_column_text] ABSOLUTAMENTE SIN COSTO A MENOS QUE GANEMOS. [\/vc_column_text][vc_row_inner][vc_column_inner width=&#8221;1\/2&#8243;][vc_column_text] Nuestros abogados est\u00e1n preparados para analizar seriamente su reclamo y su posible caso. La nuestra es una de las pocas firmas de abogados selectas de Texas con amplia experiencia en litigios internacionales, [&hellip;]<\/p>\n","protected":false},"author":1,"featured_media":0,"parent":0,"menu_order":7,"comment_status":"closed","ping_status":"closed","template":"","meta":{"footnotes":""},"class_list":["post-14366","page","type-page","status-publish","hentry"],"_links":{"self":[{"href":"https:\/\/doylelawfirm.com\/es\/wp-json\/wp\/v2\/pages\/14366","targetHints":{"allow":["GET"]}}],"collection":[{"href":"https:\/\/doylelawfirm.com\/es\/wp-json\/wp\/v2\/pages"}],"about":[{"href":"https:\/\/doylelawfirm.com\/es\/wp-json\/wp\/v2\/types\/page"}],"author":[{"embeddable":true,"href":"https:\/\/doylelawfirm.com\/es\/wp-json\/wp\/v2\/users\/1"}],"replies":[{"embeddable":true,"href":"https:\/\/doylelawfirm.com\/es\/wp-json\/wp\/v2\/comments?post=14366"}],"version-history":[{"count":0,"href":"https:\/\/doylelawfirm.com\/es\/wp-json\/wp\/v2\/pages\/14366\/revisions"}],"wp:attachment":[{"href":"https:\/\/doylelawfirm.com\/es\/wp-json\/wp\/v2\/media?parent=14366"}],"curies":[{"name":"wp","href":"https:\/\/api.w.org\/{rel}","templated":true}]}}