{"id":14363,"date":"2022-03-21T05:36:37","date_gmt":"2022-03-21T05:36:37","guid":{"rendered":"https:\/\/doylelawfirm.com\/construction-site-injuries\/"},"modified":"2022-07-17T14:04:42","modified_gmt":"2022-07-17T14:04:42","slug":"lugares-de-construccion-lesiones","status":"publish","type":"page","link":"https:\/\/doylelawfirm.com\/es\/lugares-de-construccion-lesiones\/","title":{"rendered":"LUGARES DE CONSTRUCCI\u00d3N LESIONES"},"content":{"rendered":"<p>[vc_row][vc_column width=&#8221;1\/4&#8243;][vc_wp_custommenu nav_menu=&#8221;97&#8243;][\/vc_column][vc_column width=&#8221;3\/4&#8243;][vc_column_text]<\/p>\n<h2 style=\"text-align: center;\"><strong>\u00bfESTAS SUFRIENDO DE UNA LESION EN EL SITIO DE CONSTRUCCION?<\/strong><\/h2>\n<p>[\/vc_column_text][vc_column_text]Se supone que los sitios de construcci\u00f3n proporcionan un ambiente de trabajo lo m\u00e1s seguro posible. Sin embargo, muchos trabajadores de la construcci\u00f3n est\u00e1n frecuentemente expuestos a sitios de trabajo que son innecesariamente inseguros y pueden sufrir innecesariamente lesiones graves y devastadoras como resultado. Un abogado de lesiones en la construcci\u00f3n en Doyle Dennis Avery LLP   tiene los antecedentes y la experiencia en la b\u00fasqueda de todos los da\u00f1os permitidos por la ley.[\/vc_column_text][vc_column_text]Con muchas personas y compa\u00f1\u00edas diferentes involucradas en un proyecto de construcci\u00f3n, un accidente de trabajo puede ser causado por alguien que no sea un empleador directo, como otro contratista.[\/vc_column_text][vc_column_text]En un sitio de construcci\u00f3n, los propietarios, contratistas, subcontratistas, ingenieros, fabricantes de equipos, proveedores y otros terceros tienen una cierta responsabilidad de proporcionar un entorno de trabajo seguro para los trabajadores de la construcci\u00f3n. Despu\u00e9s de una lesi\u00f3n en el lugar de trabajo en un sitio de construcci\u00f3n, puede presentar un reclamo por da\u00f1os y perjuicios contra terceros negligentes.[\/vc_column_text][vc_column_text]<\/p>\n<h3><strong>Luchando por su reclamo por lesiones en el lugar de trabajo<\/strong><\/h3>\n<p>[\/vc_column_text][vc_column_text]Los accidentes en el sitio de construcci\u00f3n pueden provocar lesiones devastadoras, que incluyen:[\/vc_column_text][vc_column_text]<\/p>\n<ul>\n<li>Heridas en la cabeza<\/li>\n<li>Lesiones de espalda<\/li>\n<li>Quemaduras severas<\/li>\n<li>Lesiones de la m\u00e9dula<\/li>\n<li>Afecciones respiratorias graves<\/li>\n<li>Da\u00f1o cerebral<\/li>\n<li>Amputaciones<\/li>\n<li>Discapacidades permanentes<\/li>\n<\/ul>\n<p>[\/vc_column_text][vc_column_text]Despu\u00e9s de sufrir una lesi\u00f3n grave en un sitio de construcci\u00f3n, puede concentrarse en recuperarse, cubrir las facturas m\u00e9dicas pasadas y futuras y regresar al trabajo. Debido a los complejos problemas que est\u00e1n involucrados, los trabajadores que han resultado heridos en los sitios de construcci\u00f3n pueden no saber a d\u00f3nde acudir o c\u00f3mo proceder con un reclamo de recuperaci\u00f3n. Es importante encontrar un abogado que pueda ayudarlo a encontrar el curso de acci\u00f3n apropiado.[\/vc_column_text][vc_column_text]Los abogados de Doyle Dennis Avery LLP   Abogados Litigantes tienen un amplio conocimiento de las leyes y regulaciones que rigen los sitios de construcci\u00f3n y accidentes, as\u00ed como un historial comprobado de \u00e9xito en la obtenci\u00f3n de veredictos, laudos y acuerdos favorables en nombre de aquellos que sufren lesiones graves en el lugar de trabajo.[\/vc_column_text][vc_column_text]<\/p>\n<h3><strong>P\u00f3ngase en contacto con un abogado para obtener ayuda con su reclamo<\/strong><\/h3>\n<p>[\/vc_column_text][vc_column_text]Si ha sufrido una lesi\u00f3n grave en un sitio de construcci\u00f3n debido a la negligencia de un tercero, comun\u00edquese hoy con un abogado especializado en lesiones de construcci\u00f3n en Doyle Dennis Avery LLP  . Es posible que podamos ayudarlo con su reclamo de responsabilidad civil y buscar compensaci\u00f3n por sus lesiones.[\/vc_column_text][\/vc_column][\/vc_row]<\/p>\n","protected":false},"excerpt":{"rendered":"<p>[vc_row][vc_column width=&#8221;1\/4&#8243;][vc_wp_custommenu nav_menu=&#8221;97&#8243;][\/vc_column][vc_column width=&#8221;3\/4&#8243;][vc_column_text] \u00bfESTAS SUFRIENDO DE UNA LESION EN EL SITIO DE CONSTRUCCION? [\/vc_column_text][vc_column_text]Se supone que los sitios de construcci\u00f3n proporcionan un ambiente de trabajo lo m\u00e1s seguro posible. Sin embargo, muchos trabajadores de la construcci\u00f3n est\u00e1n frecuentemente expuestos a sitios de trabajo que son innecesariamente inseguros y pueden sufrir innecesariamente lesiones graves y [&hellip;]<\/p>\n","protected":false},"author":1,"featured_media":0,"parent":0,"menu_order":0,"comment_status":"closed","ping_status":"closed","template":"","meta":{"footnotes":""},"class_list":["post-14363","page","type-page","status-publish","hentry"],"_links":{"self":[{"href":"https:\/\/doylelawfirm.com\/es\/wp-json\/wp\/v2\/pages\/14363","targetHints":{"allow":["GET"]}}],"collection":[{"href":"https:\/\/doylelawfirm.com\/es\/wp-json\/wp\/v2\/pages"}],"about":[{"href":"https:\/\/doylelawfirm.com\/es\/wp-json\/wp\/v2\/types\/page"}],"author":[{"embeddable":true,"href":"https:\/\/doylelawfirm.com\/es\/wp-json\/wp\/v2\/users\/1"}],"replies":[{"embeddable":true,"href":"https:\/\/doylelawfirm.com\/es\/wp-json\/wp\/v2\/comments?post=14363"}],"version-history":[{"count":0,"href":"https:\/\/doylelawfirm.com\/es\/wp-json\/wp\/v2\/pages\/14363\/revisions"}],"wp:attachment":[{"href":"https:\/\/doylelawfirm.com\/es\/wp-json\/wp\/v2\/media?parent=14363"}],"curies":[{"name":"wp","href":"https:\/\/api.w.org\/{rel}","templated":true}]}}