{"id":14338,"date":"2022-03-18T13:27:54","date_gmt":"2022-03-18T13:27:54","guid":{"rendered":"https:\/\/doylelawfirm.com\/lucha-por-la-compensacion-de-los-trabajadores-malas-victimas-de-fe-en-arizona\/"},"modified":"2022-05-11T08:19:01","modified_gmt":"2022-05-11T08:19:01","slug":"lucha-por-la-compensacion-de-los-trabajadores-malas-victimas-de-fe-en-arizona","status":"publish","type":"page","link":"https:\/\/doylelawfirm.com\/es\/lucha-por-la-compensacion-de-los-trabajadores-malas-victimas-de-fe-en-arizona\/","title":{"rendered":"LUCHA POR LA COMPENSACI\u00d3N DE LOS TRABAJADORES MALAS V\u00cdCTIMAS DE FE EN ARIZONA"},"content":{"rendered":"<p>[vc_row][vc_column width=&#8221;1\/4&#8243;][vc_wp_custommenu nav_menu=&#8221;93&#8243;][\/vc_column][vc_column width=&#8221;3\/4&#8243;][vc_column_text]<\/p>\n<h2 style=\"text-align: center;\"><strong>ABOGADO DE COMPENSACI\u00d3N DE TRABAJADORES DE ARIZONA<\/strong><\/h2>\n<p>[\/vc_column_text][vc_column_text]Las aseguradoras obligan a los empleados lesionados en Arizona a pasar por un proceso lento y complicado en el sistema de compensaci\u00f3n para trabajadores. Despu\u00e9s de las denegaciones y demoras de la compa\u00f1\u00eda de seguros, los empleados lesionados deben pasar por procedimientos ante la Comisi\u00f3n Industrial para obtener los beneficios que merec\u00edan desde el comienzo de sus reclamos Nuestro abogado de compensaci\u00f3n laboral de Arizona puede ayudarlo en este complicado proceso.[\/vc_column_text][vc_column_text]Si su reclamo v\u00e1lido de compensaci\u00f3n de trabajadores fue retrasado o denegado, puede ser v\u00edctima de mala fe del seguro de compensaci\u00f3n de trabajadores. Esto sucede a menudo cuando se niegan o retrasan los ingresos o beneficios m\u00e9dicos sin una raz\u00f3n v\u00e1lida. Si sus pagos m\u00e9dicos o de ingresos se estancaron injustamente, pero usted pudo obtener una decisi\u00f3n ganadora de un juez de derecho administrativo, los abogados litigantes de Doyle Dennis Avery LLP   pueden ayudarlo. El equipo de abogados experimentados de mala fe de Doyle Dennis Avery LLP   Trial Lawyers ha logrado resultados impresionantes para los clientes que resultaron heridos en el lugar de trabajo y sufrieron da\u00f1os porque sus beneficios de <a href=\"\/doylelawfirm\/attorneys\/\">compensaci\u00f3n<\/a>para trabajadores fueron negados injustamente.[\/vc_column_text][vc_column_text]<\/p>\n<h3><strong>Abogados de mala fe experimentados y ganadores de indemnizaciones laborales<\/strong><\/h3>\n<p>[\/vc_column_text][vc_column_text]Una enfermera de la sala psiqui\u00e1trica fue agredida por un paciente, dej\u00e1ndolo con columna cervical y lesiones nerviosas. La compa\u00f1\u00eda de seguros de compensaci\u00f3n para trabajadores retras\u00f3 el pago de su reclamo por 18 meses. La demora injustificada agrav\u00f3 su lesi\u00f3n original. Nuestros abogados llevaron su caso de mala fe de compensaci\u00f3n laboral a los tribunales, donde ganamos un veredicto de jurado de <strong>$4.3 millones<\/strong> en nombre de nuestro cliente lesionado. (Lloyd Snyder v. Cunningham Lindsey &#8211; Honorarios de abogados &#8211; $1,000,000; Gastos &#8211; $37,708.88)[\/vc_column_text][vc_column_text]<\/p>\n<h3><strong>Beneficios injustamente retrasados<\/strong><\/h3>\n<p>[\/vc_column_text][vc_column_text]Retrasar o denegar un reclamo v\u00e1lido de compensaci\u00f3n de trabajadores es un ejemplo de mala fe del seguro: un incumplimiento por parte de la compa\u00f1\u00eda de seguros de compensaci\u00f3n de trabajadores para pagar los beneficios cubiertos.[\/vc_column_text][vc_column_text]Si su reclamo ha sido determinado como v\u00e1lido por el proceso de compensaci\u00f3n de trabajadores del estado y la compa\u00f1\u00eda de seguros ha rechazado o no ha pagado, o si la demora en el pago ha causado un da\u00f1o adicional, nuestros abogados presentar\u00e1n una <a href=\"\/doylelawfirm\/insurance-bad-faith\/\">demanda de mala fe del<\/a> seguro. No solo insistimos en que la compa\u00f1\u00eda de seguros pague los beneficios que se supon\u00eda que deb\u00eda hacer todo el tiempo. Recuperamos una compensaci\u00f3n financiera por los da\u00f1os causados \u200b\u200bpor el retraso.[\/vc_column_text][vc_column_text]Las reclamaciones de compensaci\u00f3n laboral retrasadas o denegadas pueden ser devastadoras para los trabajadores lesionados. Los trabajadores pueden perder sus hogares, autom\u00f3viles, salud, ahorros de vida y fondos de jubilaci\u00f3n. Los clientes a menudo vienen a nosotros frustrados, demasiado lesionados para trabajar e incapaces de obtener los beneficios que el estado ya les ha otorgado legalmente derecho a recibir.[\/vc_column_text][vc_column_text]\u00bfC\u00f3mo puede un trabajador lesionado f\u00edsica y financieramente asumir una poderosa compa\u00f1\u00eda de seguros? Nuestro abogado de compensaci\u00f3n laboral de Arizona en Doyle Dennis Avery LLP   Trial Lawyers se enorgullece de obtener resultados para clientes lesionados a quienes el seguro les ha negado injustamente los beneficios de compensaci\u00f3n laboral por mala fe del seguro. Para analizar el caso de mala fe de su compensaci\u00f3n laboral con un abogado experimentado, comun\u00edquese hoy <a href=\"\/doylelawfirm\/contact\/\">con<\/a>nuestro bufete de abogados.[\/vc_column_text][vc_column_text]Si ha sufrido una lesi\u00f3n de compensaci\u00f3n de trabajadores y ha sufrido el manejo incorrecto de su reclamo por parte de su asegurador, pero ha validado su reclamo a trav\u00e9s de procedimientos de compensaci\u00f3n de trabajadores, tiene derecho a solicitar da\u00f1os monetarios por las acciones de mala fe de su asegurador a trav\u00e9s de un seguro nacional de abogados de mala fe de seguros que cumple con los requisitos para trabajar con una firma de abogados local en Arizona.[\/vc_column_text][vc_column_text]<\/p>\n<h3><strong>Consulta gratuita \u00b7 Base de honorarios de contingencia \u00b7 Representaci\u00f3n nacional<\/strong><\/h3>\n<p>[\/vc_column_text][vc_column_text]Nuestra firma se ha ganado una reputaci\u00f3n nacional como una de las principales firmas de seguros de mala fe de los Estados Unidos, representando a personas en sus luchas contra las compa\u00f1\u00edas de seguros para obtener lo que se les debe leg\u00edtimamente. Desde nuestras oficinas en Houston, Texas, nuestros <a href=\"\/doylelawfirm\/attorneys\/\">abogados<\/a>han ayudado exitosamente a cientos de empleados lesionados cuyos beneficios fueron retrasados \u200b\u200by negados injustamente por la aseguradora de compensaci\u00f3n de sus trabajadores.[\/vc_column_text][\/vc_column][\/vc_row]<\/p>\n","protected":false},"excerpt":{"rendered":"<p>[vc_row][vc_column width=&#8221;1\/4&#8243;][vc_wp_custommenu nav_menu=&#8221;93&#8243;][\/vc_column][vc_column width=&#8221;3\/4&#8243;][vc_column_text] ABOGADO DE COMPENSACI\u00d3N DE TRABAJADORES DE ARIZONA [\/vc_column_text][vc_column_text]Las aseguradoras obligan a los empleados lesionados en Arizona a pasar por un proceso lento y complicado en el sistema de compensaci\u00f3n para trabajadores. Despu\u00e9s de las denegaciones y demoras de la compa\u00f1\u00eda de seguros, los empleados lesionados deben pasar por procedimientos ante la [&hellip;]<\/p>\n","protected":false},"author":1,"featured_media":0,"parent":0,"menu_order":0,"comment_status":"closed","ping_status":"closed","template":"","meta":{"footnotes":""},"class_list":["post-14338","page","type-page","status-publish","hentry"],"_links":{"self":[{"href":"https:\/\/doylelawfirm.com\/es\/wp-json\/wp\/v2\/pages\/14338","targetHints":{"allow":["GET"]}}],"collection":[{"href":"https:\/\/doylelawfirm.com\/es\/wp-json\/wp\/v2\/pages"}],"about":[{"href":"https:\/\/doylelawfirm.com\/es\/wp-json\/wp\/v2\/types\/page"}],"author":[{"embeddable":true,"href":"https:\/\/doylelawfirm.com\/es\/wp-json\/wp\/v2\/users\/1"}],"replies":[{"embeddable":true,"href":"https:\/\/doylelawfirm.com\/es\/wp-json\/wp\/v2\/comments?post=14338"}],"version-history":[{"count":0,"href":"https:\/\/doylelawfirm.com\/es\/wp-json\/wp\/v2\/pages\/14338\/revisions"}],"wp:attachment":[{"href":"https:\/\/doylelawfirm.com\/es\/wp-json\/wp\/v2\/media?parent=14338"}],"curies":[{"name":"wp","href":"https:\/\/api.w.org\/{rel}","templated":true}]}}