{"id":14332,"date":"2022-03-19T10:16:19","date_gmt":"2022-03-19T10:16:19","guid":{"rendered":"https:\/\/doylelawfirm.com\/chemical-exposure-claims\/"},"modified":"2022-07-17T12:34:47","modified_gmt":"2022-07-17T12:34:47","slug":"reclamaciones-de-exposicion-quimica","status":"publish","type":"page","link":"https:\/\/doylelawfirm.com\/es\/reclamaciones-de-exposicion-quimica\/","title":{"rendered":"RECLAMACIONES DE EXPOSICI\u00d3N QU\u00cdMICA"},"content":{"rendered":"<p>[vc_row][vc_column width=&#8221;1\/4&#8243;][vc_wp_custommenu nav_menu=&#8221;96&#8243;][\/vc_column][vc_column width=&#8221;3\/4&#8243;][vc_column_text]<\/p>\n<h2 style=\"text-align: center;\"><strong>\u00bfUN CONTRATISTA MILITAR DE LOS ESTADOS UNIDOS LE EXPONI\u00d3 A QU\u00cdMICOS T\u00d3XICOS?<\/strong><\/h2>\n<p>[\/vc_column_text][vc_column_text]El p\u00fablico de los EE. UU. Puede ser ampliamente consciente del peligro que representan los combatientes enemigos en Irak, Afganist\u00e1n y otras zonas de guerra, pero los peligros creados por algunos contratistas militares siguen siendo una historia en gran medida no contada. En Doyle Dennis Avery LLP   Trial Lawyers, una firma de abogados respetada internacion almente con oficinas en Houston y Galveston, Texas, nuestros abogados est\u00e1n orgullosos de tomar una posici\u00f3n de liderazgo en la b\u00fasqueda de una demanda de exposici\u00f3n a qu\u00edmicos contra contratistas militares.[\/vc_column_text][vc_column_text]Ha salido a la luz que, mientrasserv\u00edan desinteresadamente a miles de millas de su hogar, cientos de miles de miembros de la Guardia Nacional de los EE. UU., El Ej\u00e9rcito de los EE. UU. Y otro personal de servicio pueden haber sufrido una exposici\u00f3n qu\u00edmica evitable con consecuencias potencial mente mortales o que pueden cambiar la vida. Si usted es una v\u00edctima o est\u00e1 buscando informaci\u00f3n para un soldado de los EE. UU. O el Reino Unido que cree que se vio perjudicado por la exposici\u00f3n a qu\u00edmicos en el extranjero, <a href=\"https:\/\/doylelawfirm.com\/es\/contact-us\/\">cont\u00e1ctenos<\/a>ahora para analiza r su posible reclamo.[\/vc_column_text][vc_column_text]Liderados por el socio fundador <a href=\"\/doylelawfirm\/chemical-exposure-claims\/Attorneys\/michael-p-doyle\/\">Michael P. Doyle<\/a>, actualmente representamos a un grupo de m\u00e1s de 75 miembros de la Guardia Nacional de EE. UU. En una <a href=\"http:\/\/www.kbrlitigation.com\/\" target=\"_blank\" rel=\"noopener\">demanda contra KBR<\/a>, Inc. (anteriormente una subsidiaria de Halliburton) por negligencia al permitir la exposici\u00f3n a sustancias qu\u00edmicas t\u00f3xicas y negar su ocurrencia. Esta demanda se centra en la exposici\u00f3n al dicromato de sodio qu\u00edmico altamente t\u00f3xico y cancer\u00edgeno, que se llam\u00f3 cromo hexavalente en la pel\u00edcula <em>Erin Brockovi ch<\/em>, en la planta de tratamiento de agua Qarmat Ali en el sur de Irak durante 2003.[\/vc_column_text][vc_column_text]<\/p>\n<h3><strong>Experiencia legal y dedicaci\u00f3n a la justicia para v\u00edctimas de negligencia<\/strong><\/h3>\n<p>[\/vc_column_text][vc_column_text]Nuestros abogados tienen una experiencia valiosa y relevante en litigios de asbesto y otros litig ios por exposici\u00f3n a productos qu\u00edmicos y reclamos que cruzan fronteras internacionales. Adem\u00e1s de abogar por las v\u00edctimas de la exposici\u00f3n al dicromato de sodio, evaluaremos casos potenciales que involucren:[\/vc_column_text][vc_column_text]<\/p>\n<ul>\n<li>Humos qu\u00edmicos emitidos por fosas de quemad uras t\u00f3xicas en zonas militares, causando serios problemas respiratorios y<\/li>\n<li>Otros casos de exposici\u00f3n a sustancias qu\u00edmicas t\u00f3xicas que a\u00fan no han salido a la luz, incluidos aquellos que pueden causar c\u00e1ncer de pulm\u00f3n u otras enfermedades potencialmente mo rtales.<\/li>\n<\/ul>\n<p>[\/vc_column_text][vc_column_text]Nuestra posici\u00f3n clara en el manejo de litigios KBR, y en todos nuestros esfuerzos legales, es que la riqueza, el poder, los privilegios o la posici\u00f3n corporativa no deben poner a ninguna de las partes por encima de la responsabilidad por neglig encia intencional y da\u00f1o grave hecho a otros. <strong>Luchamos para exponer la verdad y obtener una compensaci\u00f3n monetaria que pueda salvar la vida de algunos ex soldados y podr\u00eda mejorar muchos m\u00e1s aliviando la carga de las facturas m\u00e9dicas y otras presiones financieras.<\/strong>[\/vc_column_text][vc_column_text]Para una <a href=\"\/doylelawfirm\/contact\/\">consulta<\/a> sin riesgo sobre su posible reclamo de exposici\u00f3n a productos qu\u00edmicos, llame o env\u00ede un correo electr\u00f3nico a nuestra oficina hoy.[\/vc_column_text][\/vc_column][\/vc_row]<\/p>\n","protected":false},"excerpt":{"rendered":"<p>[vc_row][vc_column width=&#8221;1\/4&#8243;][vc_wp_custommenu nav_menu=&#8221;96&#8243;][\/vc_column][vc_column width=&#8221;3\/4&#8243;][vc_column_text] \u00bfUN CONTRATISTA MILITAR DE LOS ESTADOS UNIDOS LE EXPONI\u00d3 A QU\u00cdMICOS T\u00d3XICOS? [\/vc_column_text][vc_column_text]El p\u00fablico de los EE. UU. Puede ser ampliamente consciente del peligro que representan los combatientes enemigos en Irak, Afganist\u00e1n y otras zonas de guerra, pero los peligros creados por algunos contratistas militares siguen siendo una historia en gran [&hellip;]<\/p>\n","protected":false},"author":1,"featured_media":0,"parent":0,"menu_order":0,"comment_status":"closed","ping_status":"closed","template":"","meta":{"footnotes":""},"class_list":["post-14332","page","type-page","status-publish","hentry"],"_links":{"self":[{"href":"https:\/\/doylelawfirm.com\/es\/wp-json\/wp\/v2\/pages\/14332","targetHints":{"allow":["GET"]}}],"collection":[{"href":"https:\/\/doylelawfirm.com\/es\/wp-json\/wp\/v2\/pages"}],"about":[{"href":"https:\/\/doylelawfirm.com\/es\/wp-json\/wp\/v2\/types\/page"}],"author":[{"embeddable":true,"href":"https:\/\/doylelawfirm.com\/es\/wp-json\/wp\/v2\/users\/1"}],"replies":[{"embeddable":true,"href":"https:\/\/doylelawfirm.com\/es\/wp-json\/wp\/v2\/comments?post=14332"}],"version-history":[{"count":0,"href":"https:\/\/doylelawfirm.com\/es\/wp-json\/wp\/v2\/pages\/14332\/revisions"}],"wp:attachment":[{"href":"https:\/\/doylelawfirm.com\/es\/wp-json\/wp\/v2\/media?parent=14332"}],"curies":[{"name":"wp","href":"https:\/\/api.w.org\/{rel}","templated":true}]}}