{"id":14323,"date":"2022-03-18T13:34:46","date_gmt":"2022-03-18T13:34:46","guid":{"rendered":"https:\/\/doylelawfirm.com\/workers-compensation-insurance-claim-with-aig-chartis\/"},"modified":"2022-05-11T06:21:35","modified_gmt":"2022-05-11T06:21:35","slug":"workers-compensation-insurance-claim-with-aig-chartis","status":"publish","type":"page","link":"https:\/\/doylelawfirm.com\/es\/workers-compensation-insurance-claim-with-aig-chartis\/","title":{"rendered":"Reclamaci\u00f3n de seguro de compensaci\u00f3n para trabajadores con AIG\/Chartis"},"content":{"rendered":"<p>[vc_row][vc_column width=&#8221;1\/4&#8243;][vc_wp_custommenu nav_menu=&#8221;93&#8243;][\/vc_column][vc_column width=&#8221;3\/4&#8243;][vc_column_text]<\/p>\n<h2 style=\"text-align: center;\"><strong>GRUPO INTERNACIONAL AMERICANO (AIG \/ CHARTIS) ABOGADOS DE DISPUTAS COMP.<\/strong><\/h2>\n<p>[\/vc_column_text][vc_column_text]En los Estados Unidos, AIG \/ Chartis es el mayor suscriptor de seguros comerciales e industriales, y uno de los mayores proveedores de seguros a nivel mundial. AIG \/ Chartis utiliza con frecuencia otros nombres corporativos, como American Home Assurance, New Hampshire Insurance Company y The Insurance Company del estado de Pennsylvania. El abogado de AIG Chartis Insurance Claim en Doyle Dennis Avery LLP   tiene los antecedentes para manejar tales reclamciones.[\/vc_column_text][vc_column_text]A pesar de su tama\u00f1o, AIG \/ Chartis ha luchado con la disminuci\u00f3n de las ganancias y las p\u00e9rdidas operativas en los \u00faltimos a\u00f1os. Desafortunadamente, como suele ser el caso cuando las situaciones financieras tensas ejercen una mayor presi\u00f3n sobre una compa\u00f1\u00eda de seguros para aumentar los m\u00e1rgenes de ganancias, a los trabajadores que buscan una compensaci\u00f3n por lesiones en el trabajo se les niegan los beneficios por error o se les paga gravemente hasta el punto en que estos trabajadores no pueden pagar los tratamientos necesarios. para una recuperaci\u00f3n completa.[\/vc_column_text][vc_column_text]<\/p>\n<h3><strong>Resultados para trabajadores lesionados que reciben un trato injusto<\/strong><\/h3>\n<p>[\/vc_column_text][vc_column_text]Cuando una compa\u00f1\u00eda de seguros como AIG \/ Chartis niega injustamente un reclamo, corre el riesgo de tener que pagarle al trabajador lesionado da\u00f1os adicionales por demora de pago de mala fe. Los abogados litigantes de Doyle Dennis Avery LLP   tienen las herramientas y la experiencia para ayudarlo a luchar por los da\u00f1os que se merece y recuperar el dinero que se le debe. Entre nuestros \u00e9xitos:[\/vc_column_text][vc_column_text]Un jurado del condado de Harris le otorg\u00f3 a la cliente de Doyle Dennis Avery LLP   Litigantes Sue Stinson casi $ 1.75 millones en da\u00f1os (Stinson v. AIG &#8211; Honorarios de abogados: $ 337,500.00; Gastos $ 42,608.24) despu\u00e9s de que AIG retras\u00f3 injustificadamente los beneficios que cubren la p\u00e9rdida de ingresos y pagos m\u00e9dicos. La Sra. Stinson, una azafata de larga data de Continental Airlines, result\u00f3 herida en diciembre de 2003, cuando fue arrojada hacia atr\u00e1s a trav\u00e9s de la cabina del avi\u00f3n cuando su avi\u00f3n se vio obligado a frenar durante una emergencia al despegar. Ella sufri\u00f3 heridas en el cuello y la espalda. El incidente, que ocurri\u00f3 en un vuelo ch\u00e1rter de las fuerzas armadas de los Estados Unidos a Irak, fue presenciado por muchos soldados en el avi\u00f3n. A pesar de esto, AIG se neg\u00f3 a pagar la atenci\u00f3n m\u00e9dica que la Sra. Stinson necesitaba para su lesi\u00f3n en el cuello. En cambio, continuaron luchando contra la Sra. Stinson a cada paso, envi\u00e1ndola a m\u00e9dicos sesgados y colocando obst\u00e1culos en cada paso del camino. En noviembre de 2010, un jurado del condado de Harris determin\u00f3 que AIG hab\u00eda actuado de mala fe a sabiendas y le otorg\u00f3 $ 1,759,000.[\/vc_column_text][vc_column_text]<\/p>\n<h3><strong>Llame al <a href=\"tel:713-571-1146\" target=\"_blank\" rel=\"noopener\">713-571-1146<\/a> para hablar sobre sus problemas con un reclamo de AIG \/ Chartis<\/strong><\/h3>\n<p>[\/vc_column_text][vc_column_text]Una aseguradora de compensaci\u00f3n laboral debe tratar a los trabajadores lesionados de manera justa, en lugar de centrarse simplemente en las ganancias y los servicios a los empleadores. Si ha sido v\u00edctima de una denegaci\u00f3n de reclamo o retrasos graves, comun\u00edquesehoy con el <a href=\"\/doylelawfirm\/contact\/\">abogado<\/a>de AIG Chartis Insurance Claim Attorney de Doyle Dennis Avery LLP   Trial Lawyers para una consulta sobre sus opciones legales.[\/vc_column_text][\/vc_column][\/vc_row]<\/p>\n","protected":false},"excerpt":{"rendered":"<p>[vc_row][vc_column width=&#8221;1\/4&#8243;][vc_wp_custommenu nav_menu=&#8221;93&#8243;][\/vc_column][vc_column width=&#8221;3\/4&#8243;][vc_column_text] GRUPO INTERNACIONAL AMERICANO (AIG \/ CHARTIS) ABOGADOS DE DISPUTAS COMP. [\/vc_column_text][vc_column_text]En los Estados Unidos, AIG \/ Chartis es el mayor suscriptor de seguros comerciales e industriales, y uno de los mayores proveedores de seguros a nivel mundial. AIG \/ Chartis utiliza con frecuencia otros nombres corporativos, como American Home Assurance, New [&hellip;]<\/p>\n","protected":false},"author":1,"featured_media":0,"parent":0,"menu_order":0,"comment_status":"closed","ping_status":"closed","template":"","meta":{"footnotes":""},"class_list":["post-14323","page","type-page","status-publish","hentry"],"_links":{"self":[{"href":"https:\/\/doylelawfirm.com\/es\/wp-json\/wp\/v2\/pages\/14323","targetHints":{"allow":["GET"]}}],"collection":[{"href":"https:\/\/doylelawfirm.com\/es\/wp-json\/wp\/v2\/pages"}],"about":[{"href":"https:\/\/doylelawfirm.com\/es\/wp-json\/wp\/v2\/types\/page"}],"author":[{"embeddable":true,"href":"https:\/\/doylelawfirm.com\/es\/wp-json\/wp\/v2\/users\/1"}],"replies":[{"embeddable":true,"href":"https:\/\/doylelawfirm.com\/es\/wp-json\/wp\/v2\/comments?post=14323"}],"version-history":[{"count":0,"href":"https:\/\/doylelawfirm.com\/es\/wp-json\/wp\/v2\/pages\/14323\/revisions"}],"wp:attachment":[{"href":"https:\/\/doylelawfirm.com\/es\/wp-json\/wp\/v2\/media?parent=14323"}],"curies":[{"name":"wp","href":"https:\/\/api.w.org\/{rel}","templated":true}]}}